{"id":105,"date":"2011-03-17T12:55:33","date_gmt":"2011-03-17T11:55:33","guid":{"rendered":"http:\/\/www.auxcinephilesdeleau.com\/?page_id=105"},"modified":"2011-05-17T09:49:20","modified_gmt":"2011-05-17T08:49:20","slug":"yann-illien","status":"publish","type":"page","link":"https:\/\/www.auxcinephilesdeleau.com\/?page_id=105","title":{"rendered":"Yann Illien"},"content":{"rendered":"<p style=\"text-align: justify;\">Yo soy un loco que ce gusta los alternativas en g\u00e9n\u00e9ral, tout juste sorti des lieux collectifs australiens et europ\u00e9ens, musiciens circassien, mon sac \u00e0 dos avait pris go\u00fbt de trop peu (pas moyen de mettre l&rsquo;accord\u00e9on, le saxo, la bombarde, le matos de jonglage, le poste \u00e0 souder, l&rsquo;outillage portatif \u2026.)\u00a0 + une conscience \u00e9cologique qui me rend l&rsquo;entr\u00e9e dans un avion \u00e0 r\u00e9action tr\u00e8s difficile&#8230; Ce grand tout m&rsquo;a pouss\u00e9 \u00e0 me s\u00e9dentariser quelques ann\u00e9es le temps de cr\u00e9er une ZAT (zone d&rsquo;autonomie temporaire) en bordure du Trieux et d&rsquo;\u00e9conomiser pour un bateau.<\/p>\n<p style=\"text-align: justify;\"><a href=\"https:\/\/www.auxcinephilesdeleau.com\/wp-content\/uploads\/2011\/03\/000_0351.jpg\"><img decoding=\"async\" loading=\"lazy\" class=\"alignnone size-medium wp-image-550\" title=\"000_0351\" src=\"https:\/\/www.auxcinephilesdeleau.com\/wp-content\/uploads\/2011\/03\/000_0351-300x226.jpg\" alt=\"\" width=\"300\" height=\"226\" srcset=\"https:\/\/www.auxcinephilesdeleau.com\/wp-content\/uploads\/2011\/03\/000_0351-300x226.jpg 300w, https:\/\/www.auxcinephilesdeleau.com\/wp-content\/uploads\/2011\/03\/000_0351.jpg 816w\" sizes=\"(max-width: 300px) 100vw, 300px\" \/><\/a><a href=\"https:\/\/www.auxcinephilesdeleau.com\/wp-content\/uploads\/2011\/03\/000_0352.jpg\"><img decoding=\"async\" loading=\"lazy\" class=\"alignnone size-medium wp-image-551\" title=\"000_0352\" src=\"https:\/\/www.auxcinephilesdeleau.com\/wp-content\/uploads\/2011\/03\/000_0352-300x226.jpg\" alt=\"\" width=\"300\" height=\"226\" srcset=\"https:\/\/www.auxcinephilesdeleau.com\/wp-content\/uploads\/2011\/03\/000_0352-300x226.jpg 300w, https:\/\/www.auxcinephilesdeleau.com\/wp-content\/uploads\/2011\/03\/000_0352.jpg 816w\" sizes=\"(max-width: 300px) 100vw, 300px\" \/><\/a><\/p>\n<p style=\"text-align: justify;\">La construction d&rsquo;un d\u00f4me autonome \u00e0 co\u00fbt r\u00e9duit m&rsquo;a permis d&rsquo;\u00e9conomiser un loyer et des factures pendant 4 ans et la construction d&rsquo;un autre d\u00f4me pour un ami m&rsquo;a finalis\u00e9 l&rsquo;achat de mon bateau.<\/p>\n<p style=\"text-align: justify;\"><a href=\"https:\/\/www.auxcinephilesdeleau.com\/wp-content\/uploads\/2011\/03\/Photo108.jpg\"><img decoding=\"async\" loading=\"lazy\" class=\"alignnone size-medium wp-image-552\" title=\"Photo108\" src=\"https:\/\/www.auxcinephilesdeleau.com\/wp-content\/uploads\/2011\/03\/Photo108-300x225.jpg\" alt=\"\" width=\"300\" height=\"225\" srcset=\"https:\/\/www.auxcinephilesdeleau.com\/wp-content\/uploads\/2011\/03\/Photo108-300x225.jpg 300w, https:\/\/www.auxcinephilesdeleau.com\/wp-content\/uploads\/2011\/03\/Photo108.jpg 640w\" sizes=\"(max-width: 300px) 100vw, 300px\" \/><\/a><a href=\"https:\/\/www.auxcinephilesdeleau.com\/wp-content\/uploads\/2011\/03\/boat-031.jpg\"><img decoding=\"async\" loading=\"lazy\" class=\"alignnone size-medium wp-image-553\" title=\"boat 031\" src=\"https:\/\/www.auxcinephilesdeleau.com\/wp-content\/uploads\/2011\/03\/boat-031-300x225.jpg\" alt=\"\" width=\"300\" height=\"225\" srcset=\"https:\/\/www.auxcinephilesdeleau.com\/wp-content\/uploads\/2011\/03\/boat-031-300x225.jpg 300w, https:\/\/www.auxcinephilesdeleau.com\/wp-content\/uploads\/2011\/03\/boat-031.jpg 640w\" sizes=\"(max-width: 300px) 100vw, 300px\" \/><\/a><\/p>\n<p style=\"text-align: justify;\">Tout juste acquis, \u00ab\u00a0Evaloa\u00a0\u00bb a pu servir de sc\u00e8ne flottante pour une tourn\u00e9e-spectacle en Bretagne<\/p>\n<p style=\"text-align: justify;\"><a href=\"https:\/\/www.auxcinephilesdeleau.com\/wp-content\/uploads\/2011\/03\/DSC03486.jpg\"><img decoding=\"async\" loading=\"lazy\" class=\"alignnone size-medium wp-image-554\" title=\"DSC03486\" src=\"https:\/\/www.auxcinephilesdeleau.com\/wp-content\/uploads\/2011\/03\/DSC03486-300x225.jpg\" alt=\"\" width=\"300\" height=\"225\" srcset=\"https:\/\/www.auxcinephilesdeleau.com\/wp-content\/uploads\/2011\/03\/DSC03486-300x225.jpg 300w, https:\/\/www.auxcinephilesdeleau.com\/wp-content\/uploads\/2011\/03\/DSC03486-1024x768.jpg 1024w\" sizes=\"(max-width: 300px) 100vw, 300px\" \/><\/a><a href=\"https:\/\/www.auxcinephilesdeleau.com\/wp-content\/uploads\/2011\/03\/gl\u00e9nan-062.jpg\"><img decoding=\"async\" loading=\"lazy\" class=\"alignnone size-medium wp-image-555\" title=\"spectacle au gl\u00e9nans\" src=\"https:\/\/www.auxcinephilesdeleau.com\/wp-content\/uploads\/2011\/03\/gl\u00e9nan-062-300x225.jpg\" alt=\"\" width=\"300\" height=\"225\" srcset=\"https:\/\/www.auxcinephilesdeleau.com\/wp-content\/uploads\/2011\/03\/gl\u00e9nan-062-300x225.jpg 300w, https:\/\/www.auxcinephilesdeleau.com\/wp-content\/uploads\/2011\/03\/gl\u00e9nan-062-1024x768.jpg 1024w\" sizes=\"(max-width: 300px) 100vw, 300px\" \/><\/a><\/p>\n<p style=\"text-align: justify;\">Ce r\u00eave fini, j&rsquo;ai rejoint Pauline \u00e0 Rennes pour une formation hivernale de soudeur et ai pass\u00e9 l&rsquo;\u00e9t\u00e9 2007 \u00e0 refaire enti\u00e8rement \u00ab\u00a0Evaloa\u00a0\u00bb pour un nouveau d\u00e9part plus loin cette fois-ci.<\/p>\n<p style=\"text-align: justify;\">&nbsp;<\/p>\n<p style=\"text-align: justify;\">3 ann\u00e9es ont pass\u00e9 et de l\u2019eau a coul\u00e9 sous notre coque de toit. J\u2019ai r\u00e9pondu \u00e0 quelques questions existentielles : vivre ou le croire, construire ou partir, mais j\u2019en ressors avec encore plus de questionnements : que faire de cette chance inou\u00ef de pouvoir voyager\u2026???<\/p>\n<p style=\"text-align: justify;\"><a href=\"https:\/\/www.auxcinephilesdeleau.com\/wp-content\/uploads\/2011\/03\/IMG_5912.jpg\"><img decoding=\"async\" loading=\"lazy\" class=\"alignnone size-medium wp-image-1021\" title=\"IMG_5912\" src=\"https:\/\/www.auxcinephilesdeleau.com\/wp-content\/uploads\/2011\/03\/IMG_5912-300x225.jpg\" alt=\"\" width=\"300\" height=\"225\" srcset=\"https:\/\/www.auxcinephilesdeleau.com\/wp-content\/uploads\/2011\/03\/IMG_5912-300x225.jpg 300w, https:\/\/www.auxcinephilesdeleau.com\/wp-content\/uploads\/2011\/03\/IMG_5912-1024x768.jpg 1024w, https:\/\/www.auxcinephilesdeleau.com\/wp-content\/uploads\/2011\/03\/IMG_5912.jpg 2048w\" sizes=\"(max-width: 300px) 100vw, 300px\" \/><\/a><a href=\"https:\/\/www.auxcinephilesdeleau.com\/wp-content\/uploads\/2011\/03\/dominao-carenage2.jpg\"><img decoding=\"async\" loading=\"lazy\" class=\"alignnone size-medium wp-image-1022\" title=\"dominao-carenage\" src=\"https:\/\/www.auxcinephilesdeleau.com\/wp-content\/uploads\/2011\/03\/dominao-carenage2-300x225.jpg\" alt=\"\" width=\"300\" height=\"225\" srcset=\"https:\/\/www.auxcinephilesdeleau.com\/wp-content\/uploads\/2011\/03\/dominao-carenage2-300x225.jpg 300w, https:\/\/www.auxcinephilesdeleau.com\/wp-content\/uploads\/2011\/03\/dominao-carenage2.jpg 1024w\" sizes=\"(max-width: 300px) 100vw, 300px\" \/><\/a><\/p>\n<p style=\"text-align: justify;\">Ce qui est s\u00fbr, c\u2019est que je n\u2019ai pas rassasi\u00e9 mon besoin d\u2019utopie et que d\u2019autres r\u00eaves m\u2019emplissent d\u2019\u00e9nergie pour repartir, \u00e0 commencer par le plus beau des voyages de la vie : la vie elle-m\u00eame, qu\u2019on apprendra \u00e0 accompagner dans notre voyage \u00e0 trois.<\/p>\n<p style=\"text-align: justify;\"><a href=\"https:\/\/www.auxcinephilesdeleau.com\/wp-content\/uploads\/2011\/03\/DSC018432.jpg\"><img decoding=\"async\" loading=\"lazy\" class=\"alignnone size-medium wp-image-1023\" title=\"DSC01843\" src=\"https:\/\/www.auxcinephilesdeleau.com\/wp-content\/uploads\/2011\/03\/DSC018432-300x253.jpg\" alt=\"\" width=\"300\" height=\"253\" srcset=\"https:\/\/www.auxcinephilesdeleau.com\/wp-content\/uploads\/2011\/03\/DSC018432-300x253.jpg 300w, https:\/\/www.auxcinephilesdeleau.com\/wp-content\/uploads\/2011\/03\/DSC018432.jpg 910w\" sizes=\"(max-width: 300px) 100vw, 300px\" \/><\/a><a href=\"https:\/\/www.auxcinephilesdeleau.com\/wp-content\/uploads\/2011\/03\/logo-cinephile-de-leau-version-propre1.jpg\"><img decoding=\"async\" loading=\"lazy\" class=\"alignnone size-medium wp-image-1024\" title=\"logo cinephile de l'eau \" src=\"https:\/\/www.auxcinephilesdeleau.com\/wp-content\/uploads\/2011\/03\/logo-cinephile-de-leau-version-propre1-284x300.jpg\" alt=\"\" width=\"284\" height=\"300\" srcset=\"https:\/\/www.auxcinephilesdeleau.com\/wp-content\/uploads\/2011\/03\/logo-cinephile-de-leau-version-propre1-284x300.jpg 284w, https:\/\/www.auxcinephilesdeleau.com\/wp-content\/uploads\/2011\/03\/logo-cinephile-de-leau-version-propre1-972x1024.jpg 972w, https:\/\/www.auxcinephilesdeleau.com\/wp-content\/uploads\/2011\/03\/logo-cinephile-de-leau-version-propre1.jpg 1273w\" sizes=\"(max-width: 284px) 100vw, 284px\" \/><\/a><\/p>\n<p><strong>Pour ce qui est de la suite :<br \/>\n<\/strong><\/p>\n<p>Pourquoi ne pas rallier tous les r\u00eaves et n\u2019en faire qu\u2019un : voyager \u00e0 3 avec d\u2019autres\u00a0 bateaux et d\u2019autres enfants autour de l\u2019atlantique, dans un m\u00eame but d\u2019\u00e9changes culturels \u00e0 travers le cin\u00e9ma, la musique et les divers arts rencontr\u00e9s&#8230; Un voyage \u00e9thique, riche de partage, de rencontres et d\u2019\u00e9change culturel.<\/p>\n<p><strong>-ce blog nous le dira !!!!??<\/strong><\/p>\n","protected":false},"excerpt":{"rendered":"<p>Yo soy un loco que ce gusta los alternativas en g\u00e9n\u00e9ral, tout juste sorti des lieux collectifs australiens et europ\u00e9ens, musiciens circassien, mon sac \u00e0 dos avait pris go\u00fbt de trop peu (pas moyen de mettre l&rsquo;accord\u00e9on, le saxo, la &hellip; <a href=\"https:\/\/www.auxcinephilesdeleau.com\/?page_id=105\">Continuer la lecture <span class=\"meta-nav\">&rarr;<\/span><\/a><\/p>\n","protected":false},"author":3,"featured_media":0,"parent":94,"menu_order":0,"comment_status":"closed","ping_status":"open","template":"onecolumn-page.php","meta":{"_mi_skip_tracking":false,"_monsterinsights_sitenote_active":false,"_monsterinsights_sitenote_note":"","_monsterinsights_sitenote_category":0,"footnotes":""},"_links":{"self":[{"href":"https:\/\/www.auxcinephilesdeleau.com\/index.php?rest_route=\/wp\/v2\/pages\/105"}],"collection":[{"href":"https:\/\/www.auxcinephilesdeleau.com\/index.php?rest_route=\/wp\/v2\/pages"}],"about":[{"href":"https:\/\/www.auxcinephilesdeleau.com\/index.php?rest_route=\/wp\/v2\/types\/page"}],"author":[{"embeddable":true,"href":"https:\/\/www.auxcinephilesdeleau.com\/index.php?rest_route=\/wp\/v2\/users\/3"}],"replies":[{"embeddable":true,"href":"https:\/\/www.auxcinephilesdeleau.com\/index.php?rest_route=%2Fwp%2Fv2%2Fcomments&post=105"}],"version-history":[{"count":11,"href":"https:\/\/www.auxcinephilesdeleau.com\/index.php?rest_route=\/wp\/v2\/pages\/105\/revisions"}],"predecessor-version":[{"id":1088,"href":"https:\/\/www.auxcinephilesdeleau.com\/index.php?rest_route=\/wp\/v2\/pages\/105\/revisions\/1088"}],"up":[{"embeddable":true,"href":"https:\/\/www.auxcinephilesdeleau.com\/index.php?rest_route=\/wp\/v2\/pages\/94"}],"wp:attachment":[{"href":"https:\/\/www.auxcinephilesdeleau.com\/index.php?rest_route=%2Fwp%2Fv2%2Fmedia&parent=105"}],"curies":[{"name":"wp","href":"https:\/\/api.w.org\/{rel}","templated":true}]}}