{"id":110,"date":"2011-03-17T13:00:43","date_gmt":"2011-03-17T12:00:43","guid":{"rendered":"http:\/\/www.auxcinephilesdeleau.com\/?page_id=110"},"modified":"2017-08-18T22:35:20","modified_gmt":"2017-08-18T21:35:20","slug":"pauline-le-peculier","status":"publish","type":"page","link":"https:\/\/www.auxcinephilesdeleau.com\/?page_id=110","title":{"rendered":"Pauline Le P\u00e9culier"},"content":{"rendered":"<p><a href=\"https:\/\/www.auxcinephilesdeleau.com\/wp-content\/uploads\/2011\/03\/photo-Pauline.jpg\"><img decoding=\"async\" loading=\"lazy\" class=\"aligncenter size-full wp-image-547\" title=\"photo Pauline\" src=\"https:\/\/www.auxcinephilesdeleau.com\/wp-content\/uploads\/2011\/03\/photo-Pauline.jpg\" alt=\"\" width=\"180\" height=\"238\" srcset=\"https:\/\/www.auxcinephilesdeleau.com\/wp-content\/uploads\/2011\/03\/photo-Pauline.jpg 407w, https:\/\/www.auxcinephilesdeleau.com\/wp-content\/uploads\/2011\/03\/photo-Pauline-227x300.jpg 227w\" sizes=\"(max-width: 180px) 100vw, 180px\" \/><\/a><\/p>\n<p style=\"text-align: justify;\">Je ne suis pas marin, il n&rsquo;est pas cin\u00e9phile et on a cr\u00e9e un bateau-cin\u00e9ma, et oui, logique\u00a0!<\/p>\n<p style=\"text-align: justify;\">Originaire de Mayenne, mon enfance se passe plus au bord de la rivi\u00e8re qu&rsquo;au bord de la mer (mise \u00e0 part mes vacances en Bretagne tous les \u00e9t\u00e9s)&#8230; J&rsquo;ai eu la chance au lyc\u00e9e de pouvoir suivre une section de cin\u00e9ma audio-visuel, et depuis je n&rsquo;ai plus quitt\u00e9 cette mati\u00e8re.<\/p>\n<p style=\"text-align: justify;\">J&rsquo;ai continu\u00e9 mes \u00e9tudes \u00e0 Rennes en fac d&rsquo;arts du spectacle, les finan\u00e7ant avec un job de surveillante d&rsquo;internat. Je me suis aussi form\u00e9e sur le terrain en bossant avec l&rsquo;association Atmosph\u00e8res53, qui fait la promotion et la diffusion du cin\u00e9ma art et essai en Mayenne. J&rsquo;ai pu gr\u00e2ce \u00e0 l&rsquo;association participer \u00e0 plusieurs festivals de cin\u00e9ma dans l&rsquo;Ouest (mais aussi le festival de Cannes) et ainsi prendre go\u00fbt aux visionnages de films dans l&rsquo;optique d&rsquo;une programmation. Je regrettais un peu le c\u00f4t\u00e9 trop th\u00e9orique de mes \u00e9tudes et esp\u00e9rais bien me construire un chemin plus personnel\u2026<\/p>\n<p style=\"text-align: justify;\">J&rsquo;ai rencontr\u00e9 Yann en avril 2005, je partais peu de temps apr\u00e8s en Pologne, pour une ann\u00e9e Erasmus, en master d&rsquo;\u00e9tudes cin\u00e9matographiques. L&rsquo;ann\u00e9e suivante, j&rsquo;ai souhait\u00e9, born\u00e9e comme je suis, finir mon cursus et j&rsquo;ai pass\u00e9 une ann\u00e9e \u00e0 \u00e9crire mon m\u00e9moire \u00e0 Rennes, tout en pr\u00e9parant lentement avec Yann l&rsquo;id\u00e9e de partir avec lui en voilier\u2026 Mon master en poche en septembre 2007, je m&rsquo;installe \u00e0 Pontrieux avec Yann et monte naturellement avec mon passionn\u00e9 de voyage, de bateau et d&rsquo;alternatif\u00a0: un cin\u00e9ma itin\u00e9rant sur l&rsquo;eau\u00a0!<\/p>\n<p style=\"text-align: justify;\">La suite vous la connaissez, via le journal de bord, et le film&#8230; Ce premier grand voyage \u00e0 bord d&rsquo;Evaloa et accompagn\u00e9 du bateau-cin\u00e9ma a \u00e9t\u00e9 b\u00e9n\u00e9fique a plus d&rsquo;un titre. J&rsquo;ai pu construire un projet personnel tout \u00e0 la fois professionnel puisqu&rsquo;il restait dans ma branche. Il nous a enrichi Yann et moi et m\u00eame le voyage termin\u00e9, cela continue.<\/p>\n<p style=\"text-align: justify;\">Le projet m&rsquo;a \u00e9galement permis de me lancer dans la r\u00e9alisation, \u00e0 petite \u00e9chelle bien-s\u00fbr, sans moyen ni grande connaissance au pr\u00e9alable, mais le pas est fait ! J&rsquo;ai r\u00e9alis\u00e9 mon premier documentaire et j&rsquo;esp\u00e8re que cela me donnera des id\u00e9es par la suite, d&rsquo;autres envies plus structur\u00e9es, plus r\u00e9fl\u00e9chies.<\/p>\n","protected":false},"excerpt":{"rendered":"<p>Je ne suis pas marin, il n&rsquo;est pas cin\u00e9phile et on a cr\u00e9e un bateau-cin\u00e9ma, et oui, logique\u00a0! Originaire de Mayenne, mon enfance se passe plus au bord de la rivi\u00e8re qu&rsquo;au bord de la mer (mise \u00e0 part mes &hellip; <a href=\"https:\/\/www.auxcinephilesdeleau.com\/?page_id=110\">Continuer la lecture <span class=\"meta-nav\">&rarr;<\/span><\/a><\/p>\n","protected":false},"author":3,"featured_media":0,"parent":94,"menu_order":0,"comment_status":"closed","ping_status":"open","template":"onecolumn-page.php","meta":{"_mi_skip_tracking":false,"_monsterinsights_sitenote_active":false,"_monsterinsights_sitenote_note":"","_monsterinsights_sitenote_category":0,"footnotes":""},"_links":{"self":[{"href":"https:\/\/www.auxcinephilesdeleau.com\/index.php?rest_route=\/wp\/v2\/pages\/110"}],"collection":[{"href":"https:\/\/www.auxcinephilesdeleau.com\/index.php?rest_route=\/wp\/v2\/pages"}],"about":[{"href":"https:\/\/www.auxcinephilesdeleau.com\/index.php?rest_route=\/wp\/v2\/types\/page"}],"author":[{"embeddable":true,"href":"https:\/\/www.auxcinephilesdeleau.com\/index.php?rest_route=\/wp\/v2\/users\/3"}],"replies":[{"embeddable":true,"href":"https:\/\/www.auxcinephilesdeleau.com\/index.php?rest_route=%2Fwp%2Fv2%2Fcomments&post=110"}],"version-history":[{"count":8,"href":"https:\/\/www.auxcinephilesdeleau.com\/index.php?rest_route=\/wp\/v2\/pages\/110\/revisions"}],"predecessor-version":[{"id":3111,"href":"https:\/\/www.auxcinephilesdeleau.com\/index.php?rest_route=\/wp\/v2\/pages\/110\/revisions\/3111"}],"up":[{"embeddable":true,"href":"https:\/\/www.auxcinephilesdeleau.com\/index.php?rest_route=\/wp\/v2\/pages\/94"}],"wp:attachment":[{"href":"https:\/\/www.auxcinephilesdeleau.com\/index.php?rest_route=%2Fwp%2Fv2%2Fmedia&parent=110"}],"curies":[{"name":"wp","href":"https:\/\/api.w.org\/{rel}","templated":true}]}}