{"id":112,"date":"2011-03-17T13:01:27","date_gmt":"2011-03-17T12:01:27","guid":{"rendered":"http:\/\/www.auxcinephilesdeleau.com\/?page_id=112"},"modified":"2017-08-19T00:05:36","modified_gmt":"2017-08-18T23:05:36","slug":"dominao","status":"publish","type":"page","link":"https:\/\/www.auxcinephilesdeleau.com\/?page_id=112","title":{"rendered":"Dominao"},"content":{"rendered":"<div id=\"attachment_2907\" style=\"width: 489px\" class=\"wp-caption aligncenter\"><a href=\"https:\/\/www.auxcinephilesdeleau.com\/wp-content\/uploads\/2017\/05\/DSC03405.jpg\"><img aria-describedby=\"caption-attachment-2907\" decoding=\"async\" loading=\"lazy\" class=\"wp-image-2907 \" title=\"Dominao\" src=\"https:\/\/www.auxcinephilesdeleau.com\/wp-content\/uploads\/2017\/05\/DSC03405-1024x576.jpg\" alt=\"\" width=\"479\" height=\"270\" srcset=\"https:\/\/www.auxcinephilesdeleau.com\/wp-content\/uploads\/2017\/05\/DSC03405-1024x576.jpg 1024w, https:\/\/www.auxcinephilesdeleau.com\/wp-content\/uploads\/2017\/05\/DSC03405-300x169.jpg 300w, https:\/\/www.auxcinephilesdeleau.com\/wp-content\/uploads\/2017\/05\/DSC03405-768x432.jpg 768w, https:\/\/www.auxcinephilesdeleau.com\/wp-content\/uploads\/2017\/05\/DSC03405-600x338.jpg 600w\" sizes=\"(max-width: 479px) 100vw, 479px\" \/><\/a><p id=\"caption-attachment-2907\" class=\"wp-caption-text\">Dominao une semaine apr\u00e8s son arriv\u00e9e aux Antilles, Terre-de-Bas aux Saintes<\/p><\/div>\n<p><a href=\"https:\/\/www.auxcinephilesdeleau.com\/wp-content\/uploads\/2011\/03\/dominao-carenage.jpg\"><img decoding=\"async\" loading=\"lazy\" class=\"alignleft wp-image-130 \" title=\"dominao-carenage\" src=\"https:\/\/www.auxcinephilesdeleau.com\/wp-content\/uploads\/2011\/03\/dominao-carenage-300x225.jpg\" alt=\"\" width=\"299\" height=\"225\" srcset=\"https:\/\/www.auxcinephilesdeleau.com\/wp-content\/uploads\/2011\/03\/dominao-carenage-300x225.jpg 300w, https:\/\/www.auxcinephilesdeleau.com\/wp-content\/uploads\/2011\/03\/dominao-carenage.jpg 1024w\" sizes=\"(max-width: 299px) 100vw, 299px\" \/><\/a>Tous les avantages d\u2019une car\u00e8ne \u00ab\u00a0Jean Marie Finot\u00a0\u00bb et le volume d\u2019un \u00ab\u00a0Gilbert Carroff\u00a0\u00bb. C\u2019est un plan de r\u00eave d\u2019Antilles, modifi\u00e9 au niveau de l\u2019\u00e9trave qui est plus \u00e9tir\u00e9e, avec en plus un bout dehors qui permet de disposer d\u2019un gr\u00e9ement en ketch sur cette car\u00e8ne habituellement gr\u00e9\u00e9e en sloop.<\/p>\n<p>Les avantages d\u2019un gr\u00e9ement ketch sont : disposer de plus de toile au niveau du g\u00e9nois et surtout au niveau de l\u2019artimon (le petit mat arri\u00e8re) qui est particuli\u00e8rement bien g\u00e9n\u00e9reux sur ce bateau. Un gr\u00e9ement qui le rend plus stable et puissant tout en \u00e9tant moins on\u00e9reux en accastillage.<\/p>\n<p>Le pont est \u00e9galement modifi\u00e9 d\u2019un ch\u00e2teau arri\u00e8re style Gal\u00e1pagos et dispose d\u2019un cockpit central (ketch oblige). Le volume qu\u2019apporte cette disposition est \u00e9poustouflant par rapport \u00e0 l\u2019espace un peu trop confin\u00e9 qu\u2019offre g\u00e9n\u00e9ralement un r\u00eave d\u2019Antilles. Bref, un bateau qui nous a plu\u00a0!<\/p>\n<div id=\"attachment_3114\" style=\"width: 303px\" class=\"wp-caption aligncenter\"><a href=\"https:\/\/www.auxcinephilesdeleau.com\/wp-content\/uploads\/2011\/03\/045.jpg\"><img aria-describedby=\"caption-attachment-3114\" decoding=\"async\" loading=\"lazy\" class=\"wp-image-3114\" src=\"https:\/\/www.auxcinephilesdeleau.com\/wp-content\/uploads\/2011\/03\/045-768x1024.jpg\" alt=\"\" width=\"293\" height=\"391\" srcset=\"https:\/\/www.auxcinephilesdeleau.com\/wp-content\/uploads\/2011\/03\/045-768x1024.jpg 768w, https:\/\/www.auxcinephilesdeleau.com\/wp-content\/uploads\/2011\/03\/045-225x300.jpg 225w, https:\/\/www.auxcinephilesdeleau.com\/wp-content\/uploads\/2011\/03\/045-600x800.jpg 600w\" sizes=\"(max-width: 293px) 100vw, 293px\" \/><\/a><p id=\"caption-attachment-3114\" class=\"wp-caption-text\">Dominao sous voile<\/p><\/div>\n<p>A l\u2019int\u00e9rieur, le carr\u00e9 se trouve \u00e0 l\u2019arri\u00e8re du bateau et dispose d\u2019un lit breton, petite touche qui nous a \u00e9galement fait craqu\u00e9e\u2026 A l\u2019arri\u00e8re \u00e9galement, un coin table \u00e0 carte et un coin cuisine assez spatieux. A l\u2019avant, une salle de bain et deux cabines, bref, un bateau confort !<\/p>\n<p><a href=\"https:\/\/www.auxcinephilesdeleau.com\/wp-content\/uploads\/2011\/03\/DSC03005.jpg\"><img decoding=\"async\" loading=\"lazy\" class=\"alignnone wp-image-3112\" title=\"interieur-dominao\" src=\"https:\/\/www.auxcinephilesdeleau.com\/wp-content\/uploads\/2011\/03\/DSC03005-1024x682.jpg\" alt=\"\" width=\"316\" height=\"210\" srcset=\"https:\/\/www.auxcinephilesdeleau.com\/wp-content\/uploads\/2011\/03\/DSC03005-1024x682.jpg 1024w, https:\/\/www.auxcinephilesdeleau.com\/wp-content\/uploads\/2011\/03\/DSC03005-300x200.jpg 300w, https:\/\/www.auxcinephilesdeleau.com\/wp-content\/uploads\/2011\/03\/DSC03005-768x512.jpg 768w, https:\/\/www.auxcinephilesdeleau.com\/wp-content\/uploads\/2011\/03\/DSC03005-600x400.jpg 600w\" sizes=\"(max-width: 316px) 100vw, 316px\" \/><\/a><a href=\"https:\/\/www.auxcinephilesdeleau.com\/wp-content\/uploads\/2011\/03\/DSC03002.jpg\"><img decoding=\"async\" loading=\"lazy\" class=\"alignnone wp-image-3115\" src=\"https:\/\/www.auxcinephilesdeleau.com\/wp-content\/uploads\/2011\/03\/DSC03002-300x200.jpg\" alt=\"\" width=\"314\" height=\"209\" srcset=\"https:\/\/www.auxcinephilesdeleau.com\/wp-content\/uploads\/2011\/03\/DSC03002-300x200.jpg 300w, https:\/\/www.auxcinephilesdeleau.com\/wp-content\/uploads\/2011\/03\/DSC03002-768x512.jpg 768w, https:\/\/www.auxcinephilesdeleau.com\/wp-content\/uploads\/2011\/03\/DSC03002-1024x682.jpg 1024w, https:\/\/www.auxcinephilesdeleau.com\/wp-content\/uploads\/2011\/03\/DSC03002-600x400.jpg 600w\" sizes=\"(max-width: 314px) 100vw, 314px\" \/><\/a><\/p>\n","protected":false},"excerpt":{"rendered":"<p>Tous les avantages d\u2019une car\u00e8ne \u00ab\u00a0Jean Marie Finot\u00a0\u00bb et le volume d\u2019un \u00ab\u00a0Gilbert Carroff\u00a0\u00bb. C\u2019est un plan de r\u00eave d\u2019Antilles, modifi\u00e9 au niveau de l\u2019\u00e9trave qui est plus \u00e9tir\u00e9e, avec en plus un bout dehors qui permet de disposer d\u2019un &hellip; <a href=\"https:\/\/www.auxcinephilesdeleau.com\/?page_id=112\">Continuer la lecture <span class=\"meta-nav\">&rarr;<\/span><\/a><\/p>\n","protected":false},"author":3,"featured_media":0,"parent":94,"menu_order":0,"comment_status":"closed","ping_status":"open","template":"onecolumn-page.php","meta":{"_mi_skip_tracking":false,"_monsterinsights_sitenote_active":false,"_monsterinsights_sitenote_note":"","_monsterinsights_sitenote_category":0,"footnotes":""},"_links":{"self":[{"href":"https:\/\/www.auxcinephilesdeleau.com\/index.php?rest_route=\/wp\/v2\/pages\/112"}],"collection":[{"href":"https:\/\/www.auxcinephilesdeleau.com\/index.php?rest_route=\/wp\/v2\/pages"}],"about":[{"href":"https:\/\/www.auxcinephilesdeleau.com\/index.php?rest_route=\/wp\/v2\/types\/page"}],"author":[{"embeddable":true,"href":"https:\/\/www.auxcinephilesdeleau.com\/index.php?rest_route=\/wp\/v2\/users\/3"}],"replies":[{"embeddable":true,"href":"https:\/\/www.auxcinephilesdeleau.com\/index.php?rest_route=%2Fwp%2Fv2%2Fcomments&post=112"}],"version-history":[{"count":9,"href":"https:\/\/www.auxcinephilesdeleau.com\/index.php?rest_route=\/wp\/v2\/pages\/112\/revisions"}],"predecessor-version":[{"id":3117,"href":"https:\/\/www.auxcinephilesdeleau.com\/index.php?rest_route=\/wp\/v2\/pages\/112\/revisions\/3117"}],"up":[{"embeddable":true,"href":"https:\/\/www.auxcinephilesdeleau.com\/index.php?rest_route=\/wp\/v2\/pages\/94"}],"wp:attachment":[{"href":"https:\/\/www.auxcinephilesdeleau.com\/index.php?rest_route=%2Fwp%2Fv2%2Fmedia&parent=112"}],"curies":[{"name":"wp","href":"https:\/\/api.w.org\/{rel}","templated":true}]}}