{"id":3850,"date":"2020-04-14T23:37:04","date_gmt":"2020-04-14T22:37:04","guid":{"rendered":"https:\/\/www.auxcinephilesdeleau.com\/?page_id=3850"},"modified":"2022-09-23T15:01:16","modified_gmt":"2022-09-23T14:01:16","slug":"3850-2","status":"publish","type":"page","link":"https:\/\/www.auxcinephilesdeleau.com\/","title":{"rendered":""},"content":{"rendered":"\n<h2 class=\"wp-block-heading\"><strong><span class=\"has-inline-color has-blue-color\">Bienvenue sur le site de l&rsquo;association <em>Aux cin\u00e9philes de l&rsquo;eau <\/em><\/span><\/strong><\/h2>\n\n\n\n<p><\/p>\n\n\n\n<div class=\"wp-block-columns is-layout-flex wp-container-3 wp-block-columns-is-layout-flex\">\n<div class=\"wp-block-column is-layout-flow wp-block-column-is-layout-flow\">\n<div id=\"SlideDeck-3039-frame\" class=\"slidedeck-frame slidedeck_frame slidedeck-frame-3039 lens-tool-kit show-overlay-hover display-nav-hover content-source-posts date-format-timeago sd2-hideSpines sd2-show-title sd2-show-excerpt sd2-custom sd2-medium sd2-dark default-nav-styles sd2-nav-dots sd2-frame sd2-nav-default sd2-nav-pos-bottom sd2-title-pos-top sd2-title-dark sd2-1 sd2-nav-arrow-style-1 sd2-arrowstyle-7\" style=\"width:458px;height:400px;max-width:100%;\" data-sd2-lazy-load-padding=\"1\" data-sd3-image_protection=\"1\"><div class=\"sd-wrapper\"><dl id=\"SlideDeck-3039\" class=\"slidedeck slidedeck-3039\" style=\"width:434px;height:376px;\"><dt>\"Entre elles et les flots\" en acc\u00e8s libre et autres projets<\/dt><dd itemscope=\"\" itemtype=\"http:\/\/schema.org\/ImageObject\" style=\"\" class=\"has-image has-excerpt has-title sd2-image-scaling-cover slide-type-image slide-source-posts slide\" data-thumbnail-src=\"https:\/\/www.auxcinephilesdeleau.com\/wp-content\/uploads\/2024\/11\/458581134_898632392292803_2065214878516346554_n-150x150.jpg\"> \r\n<div class=\"sd-node-title-box\">\r\n\t\r\n\t\t\r\n\t<div class=\"slide-title accent-color\" itemprop=\"name headline\">\r\n        <a class=\"accent-color\" href=\"https:\/\/www.auxcinephilesdeleau.com\/?p=4221\" target=\"_blank\">            \u00ab\u00a0Entre elles et les flots\u00a0\u00bb en acc\u00e8s libre et autre&hellip;        <\/a>\t<\/div>\r\n\t\r\n    <div class=\"slide-meta\">\r\n                <span class=\"slide-author\">\r\n                            pauline                    <\/span>\r\n        <span class=\"slide-date\">1 an ago<\/span>\r\n            <\/div>\r\n\t\r\n\t\t\t<p class=\"slide-text\">Bonjour \u00e0 tou.te.s,\n\n\n\nQuelques nouvelles, \u00e7a fait si longtemps !\n\n\n\nApr\u00e8s avoir \u00e9t\u00e9 diffus\u00e9 sur le&hellip; \r\n\t\t    <a href=\"https:\/\/www.auxcinephilesdeleau.com\/?p=4221\" class=\"readmore accent-color\" target=\"_blank\">Read More<\/a>\r\n\t    <\/p>\r\n\t\r\n\t\t\r\n<\/div>\r\n\r\n<!--end-->\r\n<meta class=\"hidden\" itemprop=\"caption\" content=\"\u00ab\u00a0Entre elles et les flots\u00a0\u00bb en acc\u00e8s libre et autre&hellip;\" \/>\r\n    <img itemprop=\"thumbnailUrl image\" class=\"sd2-slide-background\" src=\"https:\/\/www.auxcinephilesdeleau.com\/wp-content\/uploads\/2024\/11\/458581134_898632392292803_2065214878516346554_n.jpg\" alt=\"\u00ab\u00a0Entre elles et les flots\u00a0\u00bb en acc\u00e8s libre et autre&hellip;\" \/>\r\n<a href=\"https:\/\/www.auxcinephilesdeleau.com\/?p=4221\" class=\"full-slide-link-hit-area\" target=\"_blank\"><\/a><\/dd><dt>\"Entre elles et les flots\" \u00e0 la T\u00c9L\u00c9 !<\/dt><dd itemscope=\"\" itemtype=\"http:\/\/schema.org\/ImageObject\" style=\"\" class=\"has-image has-excerpt has-title sd2-image-scaling-cover slide-type-image slide-source-posts slide\" data-thumbnail-src=\"https:\/\/www.auxcinephilesdeleau.com\/wp-content\/uploads\/2022\/08\/Affiche_v5_rvb-web_compress-scaled.jpg\"> \r\n<div class=\"sd-node-title-box\">\r\n\t\r\n\t\t\r\n\t<div class=\"slide-title accent-color\" itemprop=\"name headline\">\r\n        <a class=\"accent-color\" href=\"https:\/\/www.auxcinephilesdeleau.com\/?p=4214\" target=\"_blank\">            \u00ab\u00a0Entre elles et les flots\u00a0\u00bb \u00e0 la T\u00c9L\u00c9 !        <\/a>\t<\/div>\r\n\t\r\n    <div class=\"slide-meta\">\r\n                <span class=\"slide-author\">\r\n                            pauline                    <\/span>\r\n        <span class=\"slide-date\">3 ans ago<\/span>\r\n            <\/div>\r\n\t\r\n\t\t\t<p class=\"slide-text\">Vous n'avez pas encore vu le second film de notre voyage ? \n\n\n\nSession de rattrapage gratuite DIMAN&hellip; \r\n\t\t    <a href=\"https:\/\/www.auxcinephilesdeleau.com\/?p=4214\" class=\"readmore accent-color\" target=\"_blank\">Read More<\/a>\r\n\t    <\/p>\r\n\t\r\n\t\t\r\n<\/div>\r\n\r\n<!--end-->\r\n<meta class=\"hidden\" itemprop=\"caption\" content=\"\u00ab\u00a0Entre elles et les flots\u00a0\u00bb \u00e0 la T\u00c9L\u00c9 !\" \/>\r\n\t<img itemprop=\"thumbnailUrl image\" class=\"slide-deck-lazy sd2-slide-background\" data-src=\"https:\/\/www.auxcinephilesdeleau.com\/wp-content\/uploads\/2022\/08\/Affiche_v5_rvb-web_compress-scaled.jpg\" src=\"https:\/\/www.auxcinephilesdeleau.com\/wp-content\/plugins\/slidedeck3\/lib\/..\/images\/blank.gif\" alt=\"\u00ab\u00a0Entre elles et les flots\u00a0\u00bb \u00e0 la T\u00c9L\u00c9 !\" \/>\r\n\t<noscript><img class=\"nolazy sd2-slide-background\" src=\"https:\/\/www.auxcinephilesdeleau.com\/wp-content\/uploads\/2022\/08\/Affiche_v5_rvb-web_compress-scaled.jpg\" alt=\"\u00ab\u00a0Entre elles et les flots\u00a0\u00bb \u00e0 la T\u00c9L\u00c9 !\" \/><\/noscript>\r\n<a href=\"https:\/\/www.auxcinephilesdeleau.com\/?p=4214\" class=\"full-slide-link-hit-area\" target=\"_blank\"><\/a><\/dd><dt>Boutique en ligne pour no\u00ebl<\/dt><dd itemscope=\"\" itemtype=\"http:\/\/schema.org\/ImageObject\" style=\"\" class=\"has-image has-excerpt has-title sd2-image-scaling-cover slide-type-image slide-source-posts slide\" data-thumbnail-src=\"https:\/\/www.auxcinephilesdeleau.com\/wp-content\/uploads\/2022\/12\/jacquette-dvd-Entre-elles-et-les-flots-C-scaled.jpg\"> \r\n<div class=\"sd-node-title-box\">\r\n\t\r\n\t\t\r\n\t<div class=\"slide-title accent-color\" itemprop=\"name headline\">\r\n        <a class=\"accent-color\" href=\"https:\/\/www.auxcinephilesdeleau.com\/?p=4198\" target=\"_blank\">            Boutique en ligne pour no\u00ebl        <\/a>\t<\/div>\r\n\t\r\n    <div class=\"slide-meta\">\r\n                <span class=\"slide-author\">\r\n                            pauline                    <\/span>\r\n        <span class=\"slide-date\">3 ans ago<\/span>\r\n            <\/div>\r\n\t\r\n\t\t\t<p class=\"slide-text\">Bonjour tout le monde,\n\n\n\nun petit message pour vous rappeler que l'association \"Aux Cin\u00e9philes de&hellip; \r\n\t\t    <a href=\"https:\/\/www.auxcinephilesdeleau.com\/?p=4198\" class=\"readmore accent-color\" target=\"_blank\">Read More<\/a>\r\n\t    <\/p>\r\n\t\r\n\t\t\r\n<\/div>\r\n\r\n<!--end-->\r\n<meta class=\"hidden\" itemprop=\"caption\" content=\"Boutique en ligne pour no\u00ebl\" \/>\r\n\t<img itemprop=\"thumbnailUrl image\" class=\"slide-deck-lazy sd2-slide-background\" data-src=\"https:\/\/www.auxcinephilesdeleau.com\/wp-content\/uploads\/2022\/12\/jacquette-dvd-Entre-elles-et-les-flots-C-scaled.jpg\" src=\"https:\/\/www.auxcinephilesdeleau.com\/wp-content\/plugins\/slidedeck3\/lib\/..\/images\/blank.gif\" alt=\"Boutique en ligne pour no\u00ebl\" \/>\r\n\t<noscript><img class=\"nolazy sd2-slide-background\" src=\"https:\/\/www.auxcinephilesdeleau.com\/wp-content\/uploads\/2022\/12\/jacquette-dvd-Entre-elles-et-les-flots-C-scaled.jpg\" alt=\"Boutique en ligne pour no\u00ebl\" \/><\/noscript>\r\n<a href=\"https:\/\/www.auxcinephilesdeleau.com\/?p=4198\" class=\"full-slide-link-hit-area\" target=\"_blank\"><\/a><\/dd><\/dl><div class=\"slidedeck-overlays\" data-for=\"SlideDeck-3039\"><a href=\"#slidedeck-overlays\" class=\"slidedeck-overlays-showhide\">Overlays<span class=\"open-icon\"><\/span><span class=\"close-icon\"><\/span><\/a><span class=\"slidedeck-overlays-wrapper\"><a href=\"http:\/\/www.facebook.com\/sharer.php?u=https:\/\/www.auxcinephilesdeleau.com\/#SlideDeck-3039&t=articles\" target=\"_blank\" class=\"slidedeck-overlay slidedeck-overlay-type-facebook slidedeck-overlay-1\" data-popup-width=\"659\" data-popup-height=\"592\" data-type=\"facebook\"><span class=\"slidedeck-overlay-logo\"><\/span><span class=\"slidedeck-overlay-label\">Share<\/span><\/a><a href=\"https:\/\/twitter.com\/intent\/tweet?url=https%3A%2F%2Fwww.auxcinephilesdeleau.com%2F%23SlideDeck-3039&via=slidedeck&related=slidedeck&text=Check+out+this+SlideDeck%21\" target=\"_blank\" class=\"slidedeck-overlay slidedeck-overlay-type-twitter slidedeck-overlay-2\" data-popup-width=\"466\" data-popup-height=\"484\" data-type=\"twitter\"><span class=\"slidedeck-overlay-logo\"><\/span><span class=\"slidedeck-overlay-label\">Tweet<\/span><\/a><\/span><\/div><a class=\"deck-navigation horizontal prev\" href=\"#prev-horizontal\"><span>Previous<\/span><\/a><a class=\"deck-navigation horizontal next\" href=\"#next-horizontal\"><span>Next<\/span><\/a><a class=\"deck-navigation vertical prev\" href=\"#prev-vertical\"><span>Previous<\/span><\/a><a class=\"deck-navigation vertical next\" href=\"#next-vertical\"><span>Next<\/span><\/a><\/div><\/div>\n<\/div>\n\n\n\n<div class=\"wp-block-column is-layout-flow wp-block-column-is-layout-flow\">\n<p><\/p>\n\n\n\n<p><strong>Pour suivre notre actualit\u00e9 <\/strong>allez dans <strong><a href=\"https:\/\/www.auxcinephilesdeleau.com\/?page_id=22\">Journal de bord<\/a><\/strong> ou retrouvez-nous sur notre page facebook : <a rel=\"noreferrer noopener\" href=\"http:\/\/www.facebook.com\/cinesearcus\" target=\"_blank\">www.facebook.com\/cinesearcus<\/a><\/p>\n\n\n\n<p><\/p>\n\n\n\n<p>Pour acheter les <strong>DVD  d&rsquo;<em>Entre elles et les flots<\/em> <\/strong>et\/ou de<strong> <\/strong><em><strong>Cin\u00e9 SearCus, un r\u00eave collectif<\/strong><\/em> et <strong>le livre <\/strong><em><strong>Cin\u00e9 SearCus, un voyage en famille \u00e0 bord d\u2019un bateau-cin\u00e9ma d\u00e9jant\u00e9<\/strong><\/em>, c&rsquo;est par ici : <\/p>\n\n\n\n<p><a href=\"https:\/\/frama.link\/boutique-en-ligne-cinesearcus\">https:\/\/frama.link\/boutique-en-ligne-cinesearcus<\/a><\/p>\n\n\n\n<iframe id=\"haWidget\" allowtransparency=\"true\" src=\"https:\/\/www.helloasso.com\/associations\/aux-cinephiles-de-l-eau\/evenements\/vente-de-livres-dvds-tee-shirts-sur-cine-searcus\/widget-vignette\" style=\"width: 100%; height: 470px; border: none;\"><\/iframe>\n\n\n\n<p><\/p>\n<\/div>\n<\/div>\n\n\n\n\n\n<figure class=\"wp-block-embed-youtube wp-block-embed is-type-video is-provider-youtube wp-embed-aspect-16-9 wp-has-aspect-ratio\"><div class=\"wp-block-embed__wrapper\">\n<iframe loading=\"lazy\" title=\"Teaser du film \u201cCin\u00e9 Searcus\u201d\" width=\"640\" height=\"360\" src=\"https:\/\/www.youtube.com\/embed\/EfUw9ohAC4Q?feature=oembed\" frameborder=\"0\" allow=\"accelerometer; autoplay; clipboard-write; encrypted-media; gyroscope; picture-in-picture\" allowfullscreen><\/iframe>\n<\/div><\/figure>\n\n\n\n<p>Apr\u00e8s le <em>Bateau-cin\u00e9ma<\/em>, l&rsquo;association <em>Aux cin\u00e9philes de l&rsquo;eau<\/em> porte, depuis 2014, un nouveau projet : <em>Cin\u00e9 SearCus<\/em>.<\/p>\n\n\n\n<p>Parti pour \u00eatre un projet collectif \u00e0 3 voiliers, <em>Cin\u00e9 SearCus <\/em>a \u00e9volu\u00e9 au gr\u00e9 du vent et a grandi au fil de l\u2019eau ! Aujourd&rsquo;hui le projet se concentre autour du voilier Dominao, de Pauline et Yann, les fondateurs de l\u2019association, et leurs 2 enfants. Avec l&rsquo;aide d&rsquo;\u00e9quipiers amoureux de la mer et du spectacle, ils ont mont\u00e9 un cin\u00e9-spectacle musical et farfelu, jou\u00e9 lors de leurs escales autour de l&rsquo;Atlantique, de 2015 \u00e0 2018. Ils ont \u00e9galement organis\u00e9 une tourn\u00e9e aux Antilles avec deux autres bateaux-spectacles en 2018. Depuis leur retour en C\u00f4tes d&rsquo;Armor, le spectacle se joue au gr\u00e9 des propositions et Pauline a r\u00e9alis\u00e9 un documentaire qui retrace cette folle aventure (teaser du film ci-dessus) !<\/p>\n","protected":false},"excerpt":{"rendered":"<p>Bienvenue sur le site de l&rsquo;association Aux cin\u00e9philes de l&rsquo;eau Pour suivre notre actualit\u00e9 allez dans Journal de bord ou retrouvez-nous sur notre page facebook : www.facebook.com\/cinesearcus Pour acheter les DVD d&rsquo;Entre elles et les flots et\/ou de Cin\u00e9 SearCus, &hellip; <a href=\"https:\/\/www.auxcinephilesdeleau.com\/\">Continuer la lecture <span class=\"meta-nav\">&rarr;<\/span><\/a><\/p>\n","protected":false},"author":4,"featured_media":0,"parent":0,"menu_order":0,"comment_status":"closed","ping_status":"closed","template":"onecolumn-large.php","meta":{"_mi_skip_tracking":false,"_monsterinsights_sitenote_active":false,"_monsterinsights_sitenote_note":"","_monsterinsights_sitenote_category":0,"footnotes":""},"_links":{"self":[{"href":"https:\/\/www.auxcinephilesdeleau.com\/index.php?rest_route=\/wp\/v2\/pages\/3850"}],"collection":[{"href":"https:\/\/www.auxcinephilesdeleau.com\/index.php?rest_route=\/wp\/v2\/pages"}],"about":[{"href":"https:\/\/www.auxcinephilesdeleau.com\/index.php?rest_route=\/wp\/v2\/types\/page"}],"author":[{"embeddable":true,"href":"https:\/\/www.auxcinephilesdeleau.com\/index.php?rest_route=\/wp\/v2\/users\/4"}],"replies":[{"embeddable":true,"href":"https:\/\/www.auxcinephilesdeleau.com\/index.php?rest_route=%2Fwp%2Fv2%2Fcomments&post=3850"}],"version-history":[{"count":18,"href":"https:\/\/www.auxcinephilesdeleau.com\/index.php?rest_route=\/wp\/v2\/pages\/3850\/revisions"}],"predecessor-version":[{"id":4194,"href":"https:\/\/www.auxcinephilesdeleau.com\/index.php?rest_route=\/wp\/v2\/pages\/3850\/revisions\/4194"}],"wp:attachment":[{"href":"https:\/\/www.auxcinephilesdeleau.com\/index.php?rest_route=%2Fwp%2Fv2%2Fmedia&parent=3850"}],"curies":[{"name":"wp","href":"https:\/\/api.w.org\/{rel}","templated":true}]}}