{"id":3992,"date":"2020-12-04T16:42:36","date_gmt":"2020-12-04T15:42:36","guid":{"rendered":"https:\/\/www.auxcinephilesdeleau.com\/?page_id=3992"},"modified":"2021-09-08T23:42:38","modified_gmt":"2021-09-08T22:42:38","slug":"cine-searcus-le-film","status":"publish","type":"page","link":"https:\/\/www.auxcinephilesdeleau.com\/?page_id=3992","title":{"rendered":"Cin\u00e9 SearCus, le film !"},"content":{"rendered":"\n<figure class=\"wp-block-image size-medium is-resized\"><img decoding=\"async\" loading=\"lazy\" src=\"https:\/\/www.auxcinephilesdeleau.com\/wp-content\/uploads\/2020\/10\/affiche-du-film-pr-internet-212x300.jpg\" alt=\"\" class=\"wp-image-3939\" width=\"559\" height=\"791\" srcset=\"https:\/\/www.auxcinephilesdeleau.com\/wp-content\/uploads\/2020\/10\/affiche-du-film-pr-internet-212x300.jpg 212w, https:\/\/www.auxcinephilesdeleau.com\/wp-content\/uploads\/2020\/10\/affiche-du-film-pr-internet-724x1024.jpg 724w, https:\/\/www.auxcinephilesdeleau.com\/wp-content\/uploads\/2020\/10\/affiche-du-film-pr-internet-768x1086.jpg 768w, https:\/\/www.auxcinephilesdeleau.com\/wp-content\/uploads\/2020\/10\/affiche-du-film-pr-internet-600x849.jpg 600w, https:\/\/www.auxcinephilesdeleau.com\/wp-content\/uploads\/2020\/10\/affiche-du-film-pr-internet-1086x1536.jpg 1086w, https:\/\/www.auxcinephilesdeleau.com\/wp-content\/uploads\/2020\/10\/affiche-du-film-pr-internet-1448x2048.jpg 1448w, https:\/\/www.auxcinephilesdeleau.com\/wp-content\/uploads\/2020\/10\/affiche-du-film-pr-internet-1320x1867.jpg 1320w, https:\/\/www.auxcinephilesdeleau.com\/wp-content\/uploads\/2020\/10\/affiche-du-film-pr-internet.jpg 1524w\" sizes=\"(max-width: 559px) 100vw, 559px\" \/><\/figure>\n\n\n\n<p>R\u00e9sum\u00e9 : <\/p>\n\n\n\n<p>C\u2019est l\u2019histoire d\u2019artistes marins, de bricoleurs musiciens et d\u2019enfants voyageurs. Ils partagent le m\u00eame r\u00eave&nbsp;: naviguer au gr\u00e9 du vent et pr\u00e9senter, lors de leurs escales, des spectacles m\u00ealant cin\u00e9ma, cirque et musique.<\/p>\n\n\n\n<p>Ces saltimbanques des mers ont quitt\u00e9 la Bretagne en 2015 pour un voyage de plus de trois ans, \u00e0 travers l\u2019Espagne, le Portugal, les \u00eeles Canaries, l&rsquo;archipel de Mad\u00e8re, le S\u00e9n\u00e9gal, le Cap Vert et les Antilles !<\/p>\n\n\n\n<p>Initialement pr\u00e9vu \u00e0 trois voiliers, <em>Cin\u00e9 SearCus<\/em> a v\u00e9cu de nombreuses p\u00e9rip\u00e9ties et pris diff\u00e9rentes formes au fil de l\u2019eau.<\/p>\n\n\n\n<p>Embarquez \u00e0 bord pour d\u00e9couvrir cette incroyable aventure collective autour de l\u2019Atlantique&nbsp;!<\/p>\n\n\n\n<figure class=\"wp-block-embed-youtube wp-block-embed is-type-video is-provider-youtube wp-embed-aspect-16-9 wp-has-aspect-ratio\"><div class=\"wp-block-embed__wrapper\">\n<iframe loading=\"lazy\" title=\"Teaser du film \u201cCin\u00e9 Searcus\u201d\" width=\"640\" height=\"360\" src=\"https:\/\/www.youtube.com\/embed\/EfUw9ohAC4Q?feature=oembed\" frameborder=\"0\" allow=\"accelerometer; autoplay; clipboard-write; encrypted-media; gyroscope; picture-in-picture\" allowfullscreen><\/iframe>\n<\/div><\/figure>\n\n\n\n<p><em>Cin\u00e9 SearCus, un r\u00eave collectif<\/em>. Un documentaire de Pauline Le P\u00e9culier &#8211; 2020 &#8211; 52min<\/p>\n\n\n\n<p>Avec Sandra Calci, Micka\u00ebl Gaujoux, Marion Gazeau, Beno\u00eet Gu\u00e9rin, Yann Illien, Aurore Laborie, Pauline Le P\u00e9culier, Paolo Monello, David Gonz\u00e1lez S\u00e1ez, Adria Fernandez Sanchez, Surya Weihreter&#8230;<\/p>\n\n\n\n<p><\/p>\n\n\n\n<p>LE DVD DU FILM est en vente sur <a rel=\"noreferrer noopener\" href=\"https:\/\/l.facebook.com\/l.php?u=https%3A%2F%2Fframa.link%2Fboutique-en-ligne-cinesearcus%3Ffbclid%3DIwAR3IhtxOSfd79Ivh9URIsDYyO17EuCARVZ4tCIRt13coWf2ZP3gwgSXmLFg&amp;h=AT0QC9OQY3Rv648ZBfgUMwkhjtMM6XkVCRSo0Up9VhC_NkQ2C9zPpZYVy9DZ45M3_K3hoqpYIxj4nUNKYuIPalXC0cPlc_YeZTDIGprLba1Aipp7yeOY85iZFGK3jczHVcVDCHw&amp;__tn__=-UK-R&amp;c%5B0%5D=AT2Y_3d2FX9pTe-le3qGR0qQXsQxpA6CdtTvhpashfcal_z_TvuP6nhlWuUrNZZgYp4ZlaBSUcu7GwqQ1-1jHytOY27EeCzfQ0fTRP1IMvHLOTCwNYwyjelTkCC33tuI4cD5GHPO6UASBa98T3Sf-5aoPw-edsXha3M2L2JB54sKzP2pvrZoCfPSAhOeEYm6qoTWD53kZ1oGPbt0uUGYez3uDg\" target=\"_blank\">https:\/\/frama.link\/boutique-en-ligne-cinesearcus<\/a><\/p>\n\n\n\n<iframe id=\"haWidget\" allowtransparency=\"true\" src=\"https:\/\/www.helloasso.com\/associations\/aux-cinephiles-de-l-eau\/evenements\/vente-de-livres-dvds-tee-shirts-sur-cine-searcus\/widget-vignette\" style=\"width: 100%; height: 470px; border: none;\"><\/iframe>\n\n\n\n<p>Prochaines dates de projection : <\/p>\n\n\n\n<p>&#8211; Le <strong>vendredi 10 septembre <\/strong>\u00e0 20h30 au Cin\u00e9ma Le Vox \u00e0 <strong>Mayenne<\/strong> (initialement programm\u00e9 en avant premi\u00e8re en octobre dernier !)<\/p>\n\n\n\n<p>\u2013 Le <strong>dimanche 26 septembre <\/strong>\u00e0 13h \u00e0 <strong>Montpellier<\/strong>&nbsp;: le film est s\u00e9lectionn\u00e9 pour le What A Trip Festival. Cin\u00e9 SearCus fait parti des 13 films en comp\u00e9tition officielle, la classe !<\/p>\n\n\n\n<p>\u2013 Le <strong>vendredi 01 octobre<\/strong> \u00e0 la Fabrique \u00e0 Paroles \u00e0<strong> Paimpol<\/strong> (\u00e0 confirmer)<\/p>\n\n\n\n<p>\u2013 Le dimanche 10 octobre \u00e0 16h \u00e0 la cit\u00e9 de la voile Eric Tabarly \u00e0 <strong>Lorient<\/strong> pour le festival <strong>Les Aventuriers de la mer<\/strong><\/p>\n\n\n\n<p>\u2013 Pendant le <strong>mois du film documentaire<\/strong>, Cin\u00e9 SearCus sera projet\u00e9&nbsp;:<\/p>\n\n\n\n<p>\u2013 Le <strong>vendredi 5 novembre<\/strong> \u00e0 20h au Cin\u00e9ma \u00e0 <strong>Erquy<\/strong><\/p>\n\n\n\n<p>\u2013 Le <strong>mercredi 10 novembre <\/strong>\u00e0 18h \u00e0 la m\u00e9diath\u00e8que de<strong> Loud\u00e9ac<\/strong><\/p>\n\n\n\n<p>\u2013 Le <strong>dimanche 14 novembre<\/strong> \u00e0 la m\u00e9diath\u00e8que de <strong>Plo\u00ebzal<\/strong><\/p>\n\n\n\n<p>\u2013 Le <strong>lundi 15 novembre<\/strong> \u00e0 20h30 au cin\u00e9ma Les Baladins \u00e0 <strong>Lannion<\/strong><\/p>\n\n\n\n<p>\u2013 Le film est s\u00e9lectionn\u00e9 pour le <strong>FIFAV de la Rochelle entre le 15 et le 21 novembre&nbsp;<\/strong>: LE Festival International du Film et du Livre d\u2019Aventure, mais quel honneur&nbsp;!<\/p>\n\n\n\n<p>\u2013 Projection lors du festival du <strong>documentaire d\u2019aventure au cin\u00e9ma Ti Hanok \u00e0 Auray entre le 26 et 28 novembre<\/strong><\/p>\n\n\n\n<p>\u2013 En <strong>d\u00e9cembre&nbsp;<\/strong>: projection au <strong>Tremargad Kafe<\/strong><\/p>\n","protected":false},"excerpt":{"rendered":"<p>R\u00e9sum\u00e9 : C\u2019est l\u2019histoire d\u2019artistes marins, de bricoleurs musiciens et d\u2019enfants voyageurs. Ils partagent le m\u00eame r\u00eave&nbsp;: naviguer au gr\u00e9 du vent et pr\u00e9senter, lors de leurs escales, des spectacles m\u00ealant cin\u00e9ma, cirque et musique. Ces saltimbanques des mers ont &hellip; <a href=\"https:\/\/www.auxcinephilesdeleau.com\/?page_id=3992\">Continuer la lecture <span class=\"meta-nav\">&rarr;<\/span><\/a><\/p>\n","protected":false},"author":3,"featured_media":3994,"parent":0,"menu_order":0,"comment_status":"closed","ping_status":"closed","template":"onecolumn-large.php","meta":{"_mi_skip_tracking":false,"_monsterinsights_sitenote_active":false,"_monsterinsights_sitenote_note":"","_monsterinsights_sitenote_category":0,"footnotes":""},"_links":{"self":[{"href":"https:\/\/www.auxcinephilesdeleau.com\/index.php?rest_route=\/wp\/v2\/pages\/3992"}],"collection":[{"href":"https:\/\/www.auxcinephilesdeleau.com\/index.php?rest_route=\/wp\/v2\/pages"}],"about":[{"href":"https:\/\/www.auxcinephilesdeleau.com\/index.php?rest_route=\/wp\/v2\/types\/page"}],"author":[{"embeddable":true,"href":"https:\/\/www.auxcinephilesdeleau.com\/index.php?rest_route=\/wp\/v2\/users\/3"}],"replies":[{"embeddable":true,"href":"https:\/\/www.auxcinephilesdeleau.com\/index.php?rest_route=%2Fwp%2Fv2%2Fcomments&post=3992"}],"version-history":[{"count":6,"href":"https:\/\/www.auxcinephilesdeleau.com\/index.php?rest_route=\/wp\/v2\/pages\/3992\/revisions"}],"predecessor-version":[{"id":4096,"href":"https:\/\/www.auxcinephilesdeleau.com\/index.php?rest_route=\/wp\/v2\/pages\/3992\/revisions\/4096"}],"wp:featuredmedia":[{"embeddable":true,"href":"https:\/\/www.auxcinephilesdeleau.com\/index.php?rest_route=\/wp\/v2\/media\/3994"}],"wp:attachment":[{"href":"https:\/\/www.auxcinephilesdeleau.com\/index.php?rest_route=%2Fwp%2Fv2%2Fmedia&parent=3992"}],"curies":[{"name":"wp","href":"https:\/\/api.w.org\/{rel}","templated":true}]}}