{"id":4018,"date":"2020-12-06T13:26:45","date_gmt":"2020-12-06T12:26:45","guid":{"rendered":"https:\/\/www.auxcinephilesdeleau.com\/?page_id=4018"},"modified":"2020-12-07T20:49:28","modified_gmt":"2020-12-07T19:49:28","slug":"cine-searcus-le-film-et-le-livre","status":"publish","type":"page","link":"https:\/\/www.auxcinephilesdeleau.com\/?page_id=4018","title":{"rendered":"Cin\u00e9 SearCus : le Film et le Livre !"},"content":{"rendered":"\n<figure class=\"wp-block-image size-full is-resized is-style-default\"><img decoding=\"async\" loading=\"lazy\" src=\"https:\/\/www.auxcinephilesdeleau.com\/wp-content\/uploads\/2020\/12\/image11-scaled.jpeg\" alt=\"\" class=\"wp-image-4020\" width=\"640\" height=\"480\" srcset=\"https:\/\/www.auxcinephilesdeleau.com\/wp-content\/uploads\/2020\/12\/image11-scaled.jpeg 2560w, https:\/\/www.auxcinephilesdeleau.com\/wp-content\/uploads\/2020\/12\/image11-300x225.jpeg 300w, https:\/\/www.auxcinephilesdeleau.com\/wp-content\/uploads\/2020\/12\/image11-1024x768.jpeg 1024w, https:\/\/www.auxcinephilesdeleau.com\/wp-content\/uploads\/2020\/12\/image11-768x576.jpeg 768w, https:\/\/www.auxcinephilesdeleau.com\/wp-content\/uploads\/2020\/12\/image11-600x450.jpeg 600w, https:\/\/www.auxcinephilesdeleau.com\/wp-content\/uploads\/2020\/12\/image11-1536x1152.jpeg 1536w, https:\/\/www.auxcinephilesdeleau.com\/wp-content\/uploads\/2020\/12\/image11-2048x1536.jpeg 2048w, https:\/\/www.auxcinephilesdeleau.com\/wp-content\/uploads\/2020\/12\/image11-1320x990.jpeg 1320w\" sizes=\"(max-width: 640px) 100vw, 640px\" \/><\/figure>\n\n\n\n<p>Pour acheter :<\/p>\n\n\n\n<ul><li><strong>Le<\/strong> <strong>DVD du film <\/strong><em><strong>Cin\u00e9 SearCus, un r\u00eave collectif<\/strong><\/em> <\/li><li><strong>Le livre <\/strong><em><strong>Cin\u00e9 SearCus, un voyage en famille \u00e0 bord d\u2019un bateau-cin\u00e9ma d\u00e9jant\u00e9<\/strong><\/em><\/li><li>Des tee-shirts \u00e0 l\u2019effigie du projet, des cartes postales&#8230; c&rsquo;est par ici :<\/li><\/ul>\n\n\n\n<iframe id=\"haWidget\" allowtransparency=\"true\" src=\"https:\/\/www.helloasso.com\/associations\/aux-cinephiles-de-l-eau\/evenements\/vente-de-livres-dvds-tee-shirts-sur-cine-searcus\/widget-vignette\" style=\"width: 100%; height: 470px; border: none;\"><\/iframe>\n\n\n\n<p><\/p>\n\n\n\n<figure class=\"wp-block-embed-youtube wp-block-embed is-type-video is-provider-youtube wp-embed-aspect-16-9 wp-has-aspect-ratio\"><div class=\"wp-block-embed__wrapper\">\n<iframe loading=\"lazy\" title=\"Teaser du film \u201cCin\u00e9 Searcus\u201d\" width=\"640\" height=\"360\" src=\"https:\/\/www.youtube.com\/embed\/EfUw9ohAC4Q?feature=oembed\" frameborder=\"0\" allow=\"accelerometer; autoplay; clipboard-write; encrypted-media; gyroscope; picture-in-picture\" allowfullscreen><\/iframe>\n<\/div><\/figure>\n\n\n\n<p><\/p>\n\n\n\n<p>Extrait du livre en format pdf : <\/p>\n\n\n\n<p><a href=\"https:\/\/www.auxcinephilesdeleau.com\/wp-content\/uploads\/2020\/11\/Cin\u00e9-SearCus-36-47_planche-1.pdf\" target=\"_blank\" rel=\"noreferrer noopener\">https:\/\/www.auxcinephilesdeleau.com\/wp-content\/uploads\/2020\/11\/Cin\u00e9-SearCus-36-47_planche-1.pdf<\/a><\/p>\n","protected":false},"excerpt":{"rendered":"<p>Pour acheter : Le DVD du film Cin\u00e9 SearCus, un r\u00eave collectif Le livre Cin\u00e9 SearCus, un voyage en famille \u00e0 bord d\u2019un bateau-cin\u00e9ma d\u00e9jant\u00e9 Des tee-shirts \u00e0 l\u2019effigie du projet, des cartes postales&#8230; c&rsquo;est par ici : Extrait du &hellip; <a href=\"https:\/\/www.auxcinephilesdeleau.com\/?page_id=4018\">Continuer la lecture <span class=\"meta-nav\">&rarr;<\/span><\/a><\/p>\n","protected":false},"author":3,"featured_media":3994,"parent":0,"menu_order":0,"comment_status":"closed","ping_status":"closed","template":"onecolumn-large.php","meta":{"_mi_skip_tracking":false,"_monsterinsights_sitenote_active":false,"_monsterinsights_sitenote_note":"","_monsterinsights_sitenote_category":0,"footnotes":""},"_links":{"self":[{"href":"https:\/\/www.auxcinephilesdeleau.com\/index.php?rest_route=\/wp\/v2\/pages\/4018"}],"collection":[{"href":"https:\/\/www.auxcinephilesdeleau.com\/index.php?rest_route=\/wp\/v2\/pages"}],"about":[{"href":"https:\/\/www.auxcinephilesdeleau.com\/index.php?rest_route=\/wp\/v2\/types\/page"}],"author":[{"embeddable":true,"href":"https:\/\/www.auxcinephilesdeleau.com\/index.php?rest_route=\/wp\/v2\/users\/3"}],"replies":[{"embeddable":true,"href":"https:\/\/www.auxcinephilesdeleau.com\/index.php?rest_route=%2Fwp%2Fv2%2Fcomments&post=4018"}],"version-history":[{"count":7,"href":"https:\/\/www.auxcinephilesdeleau.com\/index.php?rest_route=\/wp\/v2\/pages\/4018\/revisions"}],"predecessor-version":[{"id":4032,"href":"https:\/\/www.auxcinephilesdeleau.com\/index.php?rest_route=\/wp\/v2\/pages\/4018\/revisions\/4032"}],"wp:featuredmedia":[{"embeddable":true,"href":"https:\/\/www.auxcinephilesdeleau.com\/index.php?rest_route=\/wp\/v2\/media\/3994"}],"wp:attachment":[{"href":"https:\/\/www.auxcinephilesdeleau.com\/index.php?rest_route=%2Fwp%2Fv2%2Fmedia&parent=4018"}],"curies":[{"name":"wp","href":"https:\/\/api.w.org\/{rel}","templated":true}]}}