{"id":4189,"date":"2022-09-23T14:56:44","date_gmt":"2022-09-23T13:56:44","guid":{"rendered":"https:\/\/www.auxcinephilesdeleau.com\/?page_id=4189"},"modified":"2022-09-23T15:05:24","modified_gmt":"2022-09-23T14:05:24","slug":"entre-elles-et-les-flots-le-film","status":"publish","type":"page","link":"https:\/\/www.auxcinephilesdeleau.com\/?page_id=4189","title":{"rendered":"Entre elles et les flots : le film"},"content":{"rendered":"\n<figure class=\"wp-block-image size-medium is-resized is-style-default\"><img decoding=\"async\" loading=\"lazy\" src=\"https:\/\/www.auxcinephilesdeleau.com\/wp-content\/uploads\/2022\/08\/Affiche_v5_rvb-web_compress-213x300.jpg\" alt=\"\" class=\"wp-image-4182\" width=\"474\" height=\"667\" srcset=\"https:\/\/www.auxcinephilesdeleau.com\/wp-content\/uploads\/2022\/08\/Affiche_v5_rvb-web_compress-213x300.jpg 213w, https:\/\/www.auxcinephilesdeleau.com\/wp-content\/uploads\/2022\/08\/Affiche_v5_rvb-web_compress-728x1024.jpg 728w, https:\/\/www.auxcinephilesdeleau.com\/wp-content\/uploads\/2022\/08\/Affiche_v5_rvb-web_compress-768x1080.jpg 768w, https:\/\/www.auxcinephilesdeleau.com\/wp-content\/uploads\/2022\/08\/Affiche_v5_rvb-web_compress-600x843.jpg 600w, https:\/\/www.auxcinephilesdeleau.com\/wp-content\/uploads\/2022\/08\/Affiche_v5_rvb-web_compress-1093x1536.jpg 1093w, https:\/\/www.auxcinephilesdeleau.com\/wp-content\/uploads\/2022\/08\/Affiche_v5_rvb-web_compress-1457x2048.jpg 1457w, https:\/\/www.auxcinephilesdeleau.com\/wp-content\/uploads\/2022\/08\/Affiche_v5_rvb-web_compress-scaled.jpg 1821w\" sizes=\"(max-width: 474px) 100vw, 474px\" \/><\/figure>\n\n\n\n<p>R\u00e9sum\u00e9 : <\/p>\n\n\n\n<p>J\u2019embarque pour un p\u00e9riple \u00e0 la voile, en famille, sans toutefois \u00eatre marin.<br>Au cours de nos trois ans de p\u00e9riple autour de l\u2019Atlantique, je rencontre d\u2019autres femmes qui, pour la plupart, sont parties, comme moi, impuls\u00e9es par le d\u00e9sir de leur conjoint-capitaine.<br>Tout au long du voyage avec nos deux enfants, j\u2019\u00e9change au sein de mon couple et avec ces diff\u00e9rentes femmes sur notre nouvelle vie en mer.<\/p>\n\n\n\n<p>Entre joie de vivre et prises de t\u00eate, difficult\u00e9s et \u00e9merveillement, nous partageons notre gestion du quotidien, notre d\u00e9couverte de soi et du monde, notre place \u00e0 bord et notre capacit\u00e9 \u00e0 nous r\u00e9inventer.<\/p>\n\n\n\n<figure class=\"wp-block-embed is-type-video is-provider-youtube\"><div class=\"wp-block-embed__wrapper\">\n <iframe loading=\"lazy\" title=\"Teaser du doc &quot;Entre elles et les flots&quot;\" width=\"640\" height=\"360\" src=\"https:\/\/www.youtube.com\/embed\/mvXT7nuLx-0?feature=oembed\" frameborder=\"0\" allow=\"accelerometer; autoplay; clipboard-write; encrypted-media; gyroscope; picture-in-picture\" allowfullscreen title=\"Teaser du doc \"Entre elles et les flots\"\"><\/iframe>\n<\/div><\/figure>\n\n\n\n<p><em>Entre elles et les flots<\/em>. Un documentaire de Pauline Le P\u00e9culier \u2013 2022 \u2013 47min<\/p>\n\n\n\n<p>LE DVD DU FILM est en vente sur <a rel=\"noreferrer noopener\" href=\"https:\/\/l.facebook.com\/l.php?u=https%3A%2F%2Fframa.link%2Fboutique-en-ligne-cinesearcus%3Ffbclid%3DIwAR3IhtxOSfd79Ivh9URIsDYyO17EuCARVZ4tCIRt13coWf2ZP3gwgSXmLFg&amp;h=AT0QC9OQY3Rv648ZBfgUMwkhjtMM6XkVCRSo0Up9VhC_NkQ2C9zPpZYVy9DZ45M3_K3hoqpYIxj4nUNKYuIPalXC0cPlc_YeZTDIGprLba1Aipp7yeOY85iZFGK3jczHVcVDCHw&amp;__tn__=-UK-R&amp;c%5B0%5D=AT2Y_3d2FX9pTe-le3qGR0qQXsQxpA6CdtTvhpashfcal_z_TvuP6nhlWuUrNZZgYp4ZlaBSUcu7GwqQ1-1jHytOY27EeCzfQ0fTRP1IMvHLOTCwNYwyjelTkCC33tuI4cD5GHPO6UASBa98T3Sf-5aoPw-edsXha3M2L2JB54sKzP2pvrZoCfPSAhOeEYm6qoTWD53kZ1oGPbt0uUGYez3uDg\" target=\"_blank\">https:\/\/frama.link\/boutique-en-ligne-cinesearcus<\/a> (livr\u00e9 avec un lien num\u00e9rique pour pouvoir voir le film sans lecteur dvd !)<\/p>\n\n\n\n<p>Dates de projections :<\/p>\n\n\n\n<ul><li>Vendredi 09 septembre \u00e0 la salle des f\u00eates de Saint Clet \u00e0 20h30<\/li><li>Dimanche 18 septembre \u00e0 19h \u00e0 Port Launay (29) \u00e0 l\u2019occasion du festival de bateaux-spectacle SPLASH (Le film sur Cin\u00e9 SearCus passera lui la veille samedi 17 \u00e0 22h) <\/li><li>Vendredi 23 septembre \u00e0 la Fabrique \u00e0 Paroles \u00e0 Paimpol (22) \u00e0 20h30<\/li><li>Jeudi 29 septembre au cin\u00e9ma de Guingamp (22) \u00e0 20h30<\/li><li>Samedi 01 octobre au cin\u00e9ma Le Vox \u00e0 Mayenne (53), suivi du film sur Cin\u00e9 SearCus<\/li><li>Dimanche 09 octobre \u00e0 Tonnay-Charente (17) \u00e0 l\u2019occasion du Festival des Aventuriers<\/li><li>Vendredi 14 octobre au bar Ty Kaou\u00ebt au Faou\u00ebt (22)<\/li><li>Le 28 octobre \u00e0 Lampaul-Plouarzel (29), projet\u00e9 avec le film sur Cin\u00e9 SearCus <\/li><li>Vendredi 04 novembre au caf\u00e9 associatif de Runan (22)<\/li><li>Dimanche 13 novembre \u00e0 la m\u00e9diath\u00e8que de Plo\u00ebzal (22)<\/li><li>Vendredi 18 novembre au cin\u00e9ma Le Quai des Images \u00e0 Loud\u00e9ac (22), projet\u00e9 avec Cin\u00e9 SearCus<\/li><li>Samedi 26 novembre \u00e0 M\u00fbrs-Erign\u00e9 (49)<\/li><li>Samedi 10 d\u00e9cembre au Tremargat Caf\u00e9 (22)<\/li><li>Samedi 14 janvier au Th\u00e9odore Caf\u00e9 \u00e0 Tr\u00e9drez Locqu\u00e9meau (22)<\/li><li>Et d\u2019autres j\u2019esp\u00e8re \u00e0 venir !<\/li><\/ul>\n","protected":false},"excerpt":{"rendered":"<p>R\u00e9sum\u00e9 : J\u2019embarque pour un p\u00e9riple \u00e0 la voile, en famille, sans toutefois \u00eatre marin.Au cours de nos trois ans de p\u00e9riple autour de l\u2019Atlantique, je rencontre d\u2019autres femmes qui, pour la plupart, sont parties, comme moi, impuls\u00e9es par le &hellip; <a href=\"https:\/\/www.auxcinephilesdeleau.com\/?page_id=4189\">Continuer la lecture <span class=\"meta-nav\">&rarr;<\/span><\/a><\/p>\n","protected":false},"author":3,"featured_media":0,"parent":0,"menu_order":5,"comment_status":"closed","ping_status":"closed","template":"","meta":{"_mi_skip_tracking":false,"_monsterinsights_sitenote_active":false,"_monsterinsights_sitenote_note":"","_monsterinsights_sitenote_category":0,"footnotes":""},"_links":{"self":[{"href":"https:\/\/www.auxcinephilesdeleau.com\/index.php?rest_route=\/wp\/v2\/pages\/4189"}],"collection":[{"href":"https:\/\/www.auxcinephilesdeleau.com\/index.php?rest_route=\/wp\/v2\/pages"}],"about":[{"href":"https:\/\/www.auxcinephilesdeleau.com\/index.php?rest_route=\/wp\/v2\/types\/page"}],"author":[{"embeddable":true,"href":"https:\/\/www.auxcinephilesdeleau.com\/index.php?rest_route=\/wp\/v2\/users\/3"}],"replies":[{"embeddable":true,"href":"https:\/\/www.auxcinephilesdeleau.com\/index.php?rest_route=%2Fwp%2Fv2%2Fcomments&post=4189"}],"version-history":[{"count":3,"href":"https:\/\/www.auxcinephilesdeleau.com\/index.php?rest_route=\/wp\/v2\/pages\/4189\/revisions"}],"predecessor-version":[{"id":4193,"href":"https:\/\/www.auxcinephilesdeleau.com\/index.php?rest_route=\/wp\/v2\/pages\/4189\/revisions\/4193"}],"wp:attachment":[{"href":"https:\/\/www.auxcinephilesdeleau.com\/index.php?rest_route=%2Fwp%2Fv2%2Fmedia&parent=4189"}],"curies":[{"name":"wp","href":"https:\/\/api.w.org\/{rel}","templated":true}]}}