{"id":484,"date":"2011-04-28T19:13:34","date_gmt":"2011-04-28T18:13:34","guid":{"rendered":"http:\/\/www.auxcinephilesdeleau.com\/?page_id=484"},"modified":"2011-05-10T13:49:31","modified_gmt":"2011-05-10T12:49:31","slug":"liste-des-films-pour-projection-au-senegal","status":"publish","type":"page","link":"https:\/\/www.auxcinephilesdeleau.com\/?page_id=484","title":{"rendered":"Liste des films"},"content":{"rendered":"<p style=\"text-align: center;\">&nbsp;<\/p>\n<p style=\"text-align: center;\"><strong>LISTE DES FILMS ACQUIS <\/strong><\/p>\n<p style=\"text-align: center;\"><strong>PAR L&rsquo;ASSOCIATION AUX CINEPHILES DE L&rsquo;EAU<\/strong><\/p>\n<p style=\"text-align: center;\">&nbsp;<\/p>\n<p>Nous avons obtenu les droits des films  cit\u00e9s dans cette liste pour des diffusions non-commerciales, soit par  le r\u00e9alisateur, le producteur, le distributeur ou les ayants droit tels  que le Minist\u00e8re des affaires \u00e9trang\u00e8res.<\/p>\n<p>\u2022\u00a0 Ayant les attaches de l&rsquo;alliance  franco-s\u00e9n\u00e9galaise \u00e0 Ziguinchor, nous pouvons emprunter leurs films qui  sont libres de droits. L&rsquo;alliance poss\u00e8de plusieurs coffrets de films  africains, voici quelques titres de films que nous souhaitons projeter\u00a0:<\/p>\n<p>&#8211; <strong>Le coffret \u00ab\u00a0Les \u00e9talons de Yennenga 1972\/2005\u00a0\u00bb\u00a0: <\/strong><\/p>\n<p>. Coffret 1 =<\/p>\n<p>&#8211; <em>Tilai <\/em>, de Idrissa Ou\u00e9draogo (1991), Burkina-Faso.<\/p>\n<p>&#8211; <em>Buud yam <\/em>, de Gaston J-M Kabor\u00e9 (1997), Burkina-Faso.<\/p>\n<p>&#8211; <em>Pi\u00e8ces d\u2019identit\u00e9s<\/em>, de Mweze Ngangura (1999), R\u00e9publique d\u00e9mocratique du Congo.<\/p>\n<p>&#8211; <em>Heremakono <\/em>, de Abderrahmane Sissako (2003), Mauritanie.<\/p>\n<p>. Coffret 2 =<\/p>\n<p>&#8211; <em>Baara <\/em>, de Souleymane Ciss\u00e9 (1979), Mali.<\/p>\n<p>&#8211; <em>Finye <\/em>, de Souleymane Ciss\u00e9 (1983), Mali.<\/p>\n<p>&#8211; <em>Sarraounia <\/em>, de Med Hondo (1987), Mauritanie.<\/p>\n<p><strong>&#8211; Le coffret \u00ab\u00a0L&rsquo;Afrique se filme\u00a0\u00bb\u00a0: <\/strong><\/p>\n<p>. Longs m\u00e9trages\u00a0=<\/p>\n<p>&#8211; <em>Madame Brouette <\/em> de Moussa Sene Absa, S\u00e9n\u00e9gal.<\/p>\n<p>&#8211; <em>Le prix du pardon <\/em> de Mansour Sora Wade, S\u00e9n\u00e9gal.<\/p>\n<p>&#8211; <em>Abouna <\/em> de Mahamat-Saleh Haroum, Tchad.<\/p>\n<p>&#8211; <em>Moi et mon blanc <\/em> de Pierre Yam\u00e9ogo, France.<\/p>\n<p>. Coffret de 11 documentaires\u00a0:<\/p>\n<p>&#8211; <em>M\u00e9moire entre deux rives <\/em>, de Wolimiti\u00e9 Si\u00e9 Palenfo et Fr\u00e9d\u00e9rique Savoye, Burkina-Faso.<\/p>\n<p>&#8211; <em>Poussi\u00e8res de ville <\/em> de Moussa Tour\u00e9, S\u00e9n\u00e9gal.<\/p>\n<p>&#8211; <em>Rwanda pour m\u00e9moire <\/em>, de Samba F\u00e9lix N&rsquo;Diaye, S\u00e9n\u00e9gal.<\/p>\n<p>&#8211; <em>Traces, empreintes de femmes <\/em>, de Katy L\u00e9na Ndiaye, S\u00e9n\u00e9gal.<\/p>\n<p>&#8211; <em>Xalima la plume <\/em>, d&rsquo;Ousmane Williame Mbaye, S\u00e9n\u00e9gal.<\/p>\n<p>&nbsp;<\/p>\n<p><strong> <\/strong><\/p>\n<p>\u2022\u00a0 <strong>Films dont nous avons obtenu les droits par le r\u00e9alisateur et\/ou le producteur\u00a0: <\/strong><\/p>\n<p><strong> <\/strong><\/p>\n<p>&#8211; <em>Un matin bonne heure <\/em>, de Gahit\u00e9 Fofana (2006), Guin\u00e9e.<\/p>\n<p>&#8211; Sango Malo, de Bassek Bah Kobhio (1991), Cameroun.<\/p>\n<p>&#8211; <em>Keita, l&rsquo;h\u00e9ritage du griot <\/em>, de Dani Kouyat\u00e9 (1994), Burkina-Faso.<\/p>\n<p>&#8211; <em>Sia, le r\u00eave du python <\/em>, de Dani Kouyat\u00e9 (2001), Burkina-Faso.<\/p>\n<p>&#8211; <em>Bul d\u00e9conn\u00e9 <\/em>, de Massa\u00ebr Dieng et Marc Picavez, (2005), S\u00e9n\u00e9gal.<\/p>\n<p>&#8211; <em>France-Br\u00e9sil et autres histoires <\/em>, de Marc Picavez, (2006), S\u00e9n\u00e9gal.<\/p>\n<p>&#8211; <em>Jaaro Bi<\/em>, de Mamadou Guddi Thiandoume (2007), S\u00e9n\u00e9gal.<\/p>\n<p>&#8211; <em>Den Baya (L&rsquo;amour maternel) <\/em>, de Dragoss Ouedraogo (1992), Burkina-Faso.<\/p>\n<p>&#8211; <em>Tl\u00e9 wili (Soleil Levant) <\/em>, de Dragoss Ouedraogo, (2003), France.<\/p>\n<p>&#8211; <em>Ma femme est Y\u00e9r\u00e9 <\/em>, de R. Lobry, J.Rouillier et S. Vauguin (2003), Afrique de l&rsquo;Ouest.<\/p>\n<p>&#8211; <em>Kirikou <\/em>, de Michel Ocelot (1998), France.<\/p>\n<p>&#8211; <em>Kirikou et les b\u00eates sauvages <\/em>, de Michel Ocelot (2005), France.<\/p>\n<p>&#8211; <em>L&rsquo;Afrance <\/em>, d&rsquo;Alain Gomis (2002), France.<\/p>\n<p>&#8211; <em>Petite Lumi\u00e8re <\/em>, d&rsquo;Alain Gomis (2003), France.<\/p>\n<p>&#8211; Aminata rencontre Aminata, de Jean-Jacques Lion (2008), France.<\/p>\n<p>+ des films de sensibilisations\u00a0:<\/p>\n<p>\u2022\u00a0 <strong>Moussa le Taximan <\/strong>,  7 fictions de 4,25 minutes et 6 fictions de 6, 30 minutes de Henri  Duparc, sur la lutte contre le SIDA, produit par Partenaire Radio (en  fran\u00e7ais &#8211; DVD),<\/p>\n<p>\u2022\u00a0 <strong>Sc\u00e9narios du Sahel et Sc\u00e9narios d&rsquo;Afrique <\/strong>,  vingt huit courts m\u00e9trages de fiction sur le SIDA bas\u00e9s sur des id\u00e9es  originales de jeunes africains et r\u00e9alis\u00e9s par de grands r\u00e9alisateurs  africains (Fanta R\u00e9gina Nacro, Cheick Oumar Sissoko, Idrissa Ou\u00e9draogo,  Pierre Sauvale, Newton I. Aduaka, Hamet Fall Diagne, Olga Kiswendsida  Ou\u00e9draogo, Mahamet-Saleh Haroun, Abderrahmane, Sissako), projet  coordonn\u00e9 par Global Dialogue (en fran\u00e7ais et en VOST &#8211; DVD)<\/p>\n<p>\u2022\u00a0 <strong>Gnando, enfant sorcier <\/strong>, de Marino Mercuriali.<\/p>\n<p>&nbsp;<\/p>\n<p>&#8211; <strong>films sur l&rsquo;\u00e9migration en Afrique <\/strong>:<\/p>\n<p>&#8211; <em>A Sud Di Lampedusa <\/em>, d&rsquo;Andrea Segre (2007), Italie.<\/p>\n<p>&#8211; <em>Barcelone ou la mort <\/em>, d&rsquo;Idrissa Guiro (2007), France.<\/p>\n<p>&#8211; Tout \u00e0 refaire, de Sadio Doukour\u00e9 (2006), France.<\/p>\n<p>&nbsp;<\/p>\n<p>&#8211; <strong>Films sur la p\u00eache produits par l&rsquo;ONG Oceanium <\/strong> :<\/p>\n<p>\u2022\u00a0 <em>Bamboung un exemple \u00e0 suivre <\/em>, sur l&rsquo;Aire Marine prot\u00e9g\u00e9 du Bamboung dans le delta du saloum.<\/p>\n<p>\u2022\u00a0 <em>Chronique d&rsquo;une mort annonc\u00e9e <\/em>, sur la p\u00eache aux requins en Afrique de l&rsquo;Ouest.<\/p>\n<p>\u2022\u00a0 <em>Ba kagne <\/em>, sur la p\u00eache des juv\u00e9niles au S\u00e9n\u00e9gal.<\/p>\n<p>&nbsp;<\/p>\n<p style=\"text-align: justify;\">Nous avions donc \u00e0 bord de nombreux DVD mais une fois sur place, nous avons r\u00e9vis\u00e9 notre programmation. Tout d&rsquo;abord, organisant dans la plupart des cas des projections plein air avec tout le village, on pensait qu&rsquo;il \u00e9tait pr\u00e9f\u00e9rable de passer une fiction \u00ab\u00a0tout public\u00a0\u00bb, qui plairait autant aux jeunes qu&rsquo;aux plus anciens du village, avec une trame pas trop compliqu\u00e9e \u00e0 comprendre pour les enfants et les personnes n&rsquo;ayant pas l&rsquo;habitude de voir des films (c&rsquo;est \u00e0 dire presque tout le monde !). Ensuite, on a \u00e9galement \u00e9t\u00e9 confront\u00e9 \u00e0 la barri\u00e8re de la langue, on a pr\u00e9f\u00e9r\u00e9 projeter des films en fran\u00e7ais ou en woloof donc des films du S\u00e9n\u00e9gal, du Congo, du Cameroun, en laissant de c\u00f4t\u00e9 les films maliens et les films burkinabais par exemple.<\/p>\n<p style=\"text-align: justify;\">Nous avons donc souvent pass\u00e9 les m\u00eames films car comme on changeait de villages, les gens n&rsquo;avaient pas vu le film que l&rsquo;on avait pass\u00e9 la fois d&rsquo;avant, et surtout, on savait ce qui plaisait !<\/p>\n<p style=\"text-align: justify;\">Lorsque l&rsquo;on organisait des projections pour les enfants, nous diffusions le plus souvent Kirikou et pour les projections avec les coll\u00e9giens, les profs nous demandaient souvent les courts-m\u00e9trages sur le sida ou des documentaires sur l&rsquo;\u00e9migration.<\/p>\n","protected":false},"excerpt":{"rendered":"<p>&nbsp; LISTE DES FILMS ACQUIS PAR L&rsquo;ASSOCIATION AUX CINEPHILES DE L&rsquo;EAU &nbsp; Nous avons obtenu les droits des films cit\u00e9s dans cette liste pour des diffusions non-commerciales, soit par le r\u00e9alisateur, le producteur, le distributeur ou les ayants droit tels &hellip; <a href=\"https:\/\/www.auxcinephilesdeleau.com\/?page_id=484\">Continuer la lecture <span class=\"meta-nav\">&rarr;<\/span><\/a><\/p>\n","protected":false},"author":3,"featured_media":0,"parent":102,"menu_order":3,"comment_status":"closed","ping_status":"closed","template":"onecolumn-page.php","meta":{"_mi_skip_tracking":false,"_monsterinsights_sitenote_active":false,"_monsterinsights_sitenote_note":"","_monsterinsights_sitenote_category":0,"footnotes":""},"_links":{"self":[{"href":"https:\/\/www.auxcinephilesdeleau.com\/index.php?rest_route=\/wp\/v2\/pages\/484"}],"collection":[{"href":"https:\/\/www.auxcinephilesdeleau.com\/index.php?rest_route=\/wp\/v2\/pages"}],"about":[{"href":"https:\/\/www.auxcinephilesdeleau.com\/index.php?rest_route=\/wp\/v2\/types\/page"}],"author":[{"embeddable":true,"href":"https:\/\/www.auxcinephilesdeleau.com\/index.php?rest_route=\/wp\/v2\/users\/3"}],"replies":[{"embeddable":true,"href":"https:\/\/www.auxcinephilesdeleau.com\/index.php?rest_route=%2Fwp%2Fv2%2Fcomments&post=484"}],"version-history":[{"count":8,"href":"https:\/\/www.auxcinephilesdeleau.com\/index.php?rest_route=\/wp\/v2\/pages\/484\/revisions"}],"predecessor-version":[{"id":1035,"href":"https:\/\/www.auxcinephilesdeleau.com\/index.php?rest_route=\/wp\/v2\/pages\/484\/revisions\/1035"}],"up":[{"embeddable":true,"href":"https:\/\/www.auxcinephilesdeleau.com\/index.php?rest_route=\/wp\/v2\/pages\/102"}],"wp:attachment":[{"href":"https:\/\/www.auxcinephilesdeleau.com\/index.php?rest_route=%2Fwp%2Fv2%2Fmedia&parent=484"}],"curies":[{"name":"wp","href":"https:\/\/api.w.org\/{rel}","templated":true}]}}