{"id":503,"date":"2011-04-28T23:28:41","date_gmt":"2011-04-28T22:28:41","guid":{"rendered":"http:\/\/www.auxcinephilesdeleau.com\/?page_id=503"},"modified":"2020-04-15T11:09:52","modified_gmt":"2020-04-15T10:09:52","slug":"04-sortie-du-film-le-bateau-cinema","status":"publish","type":"page","link":"https:\/\/www.auxcinephilesdeleau.com\/?page_id=503","title":{"rendered":"Le film \u00ab\u00a0Le bateau-cin\u00e9ma\u00a0\u00bb"},"content":{"rendered":"<p><iframe loading=\"lazy\" title=\"Le bateau cin&amp;eacute;ma - de Bretagne en Casamance\" src=\"https:\/\/player.vimeo.com\/video\/102812039?dnt=1&amp;app_id=122963\" width=\"640\" height=\"362\" frameborder=\"0\" allow=\"autoplay; fullscreen\" allowfullscreen><\/iframe><\/p>\n<p><a href=\"https:\/\/www.auxcinephilesdeleau.com\/wp-content\/uploads\/2011\/04\/logo-cinephile-de-leau-version-propre.jpg\"><img decoding=\"async\" loading=\"lazy\" class=\"alignleft size-thumbnail wp-image-544\" title=\"logo aux cinephiles de l'eau \" src=\"https:\/\/www.auxcinephilesdeleau.com\/wp-content\/uploads\/2011\/04\/logo-cinephile-de-leau-version-propre-150x150.jpg\" alt=\"\" width=\"93\" height=\"93\" \/><\/a><\/p>\n<p><strong>R\u00e9sum\u00e9 :<\/strong><\/p>\n<p style=\"text-align: justify;\">Partis le 1er ao\u00fbt 2008 de Pontrieux avec leur voilier Evaloa, Yann Illien et Pauline Le P\u00e9culier ont navigu\u00e9 jusqu\u2019au S\u00e9n\u00e9gal, avec \u00e0 bord du mat\u00e9riel de projection de films. Sous l\u2019association \u00ab Aux cin\u00e9philes de l\u2019eau \u00bb cr\u00e9e pour le projet, leur but \u00e9tait de diffuser des films appartenant \u00e0 la cin\u00e9matographie des pays travers\u00e9s.<br \/>\nPauline et Yann ont pass\u00e9 une ann\u00e9e \u00e0 s\u00e9journer dans diff\u00e9rents villages de Casamance (r\u00e9gion travers\u00e9e par un fleuve au sud du S\u00e9n\u00e9gal), pour projeter des films africains.<br \/>\nA travers ce film, les deux jeunes nous font partager leur v\u00e9cu et d\u00e9couvrir leur projet unique, qui re\u00e7u un vif succ\u00e8s, aussi bien en Bretagne qu\u2019en Casamance.<br \/>\nVous pourrez suivre nos deux protagonistes dans leur p\u00e9riple en bateau, puis d\u00e9couvrir l\u2019accueil du projet en Casamance, la r\u00e9action du public, l\u2019impact de diffusion du cin\u00e9ma africain au S\u00e9n\u00e9gal\u2026<\/p>\n<p><a href=\"https:\/\/www.auxcinephilesdeleau.com\/wp-content\/uploads\/2011\/04\/jaquette2.jpg\"><img decoding=\"async\" loading=\"lazy\" class=\"aligncenter size-full wp-image-543\" title=\"jaquette\" src=\"https:\/\/www.auxcinephilesdeleau.com\/wp-content\/uploads\/2011\/04\/jaquette2.jpg\" alt=\"\" width=\"1820\" height=\"1225\" srcset=\"https:\/\/www.auxcinephilesdeleau.com\/wp-content\/uploads\/2011\/04\/jaquette2.jpg 1820w, https:\/\/www.auxcinephilesdeleau.com\/wp-content\/uploads\/2011\/04\/jaquette2-300x201.jpg 300w, https:\/\/www.auxcinephilesdeleau.com\/wp-content\/uploads\/2011\/04\/jaquette2-1024x689.jpg 1024w\" sizes=\"(max-width: 1820px) 100vw, 1820px\" \/><\/a><\/p>\n<p style=\"text-align: justify;\"><strong>Fiche technique :<\/strong><\/p>\n<p style=\"text-align: justify;\">Format : mini DV en HD ou fichier num\u00e9rique HD<br \/>\nDur\u00e9e : 52 minutes<br \/>\nLangue : fran\u00e7ais<br \/>\nProduction : Association \u00ab Aux cin\u00e9philes de l\u2019eau \u00bb<br \/>\nDate de production : novembre 2010<\/p>\n<p><strong>Le DVD est en vente aux prix de 10 euros<\/strong> (+4,50 euros de frais de port en collissimo ou 2,50 euros en envoie lettre).<\/p>\n<p>Il contient : &#8211;<em> Le film<\/em><\/p>\n<p>&#8211; <em>Les bonus <\/em>:<\/p>\n<p>&#8211; montage-photos du voyage \u00ab\u00a0Aux cin\u00e9philes de l&rsquo;eau\u00a0\u00bb<\/p>\n<p>&#8211; montage-photos \u00ab\u00a0merci les potes\u00a0\u00bb, r\u00e9alis\u00e9 en juin 2008 pour le festival \u00ab\u00a0Invitation au Voyage\u00a0\u00bb<\/p>\n<p>&#8211; montage-photos du spectacle \u00ab\u00a0l&rsquo;Utopirat\u00e9e\u00a0\u00bb<\/p>\n<p><a href=\"https:\/\/www.auxcinephilesdeleau.com\/wp-content\/uploads\/2011\/04\/dossier-presentation-film1.jpg\"><img decoding=\"async\" loading=\"lazy\" class=\"aligncenter size-full wp-image-545\" title=\"dossier-presentation-film1\" src=\"https:\/\/www.auxcinephilesdeleau.com\/wp-content\/uploads\/2011\/04\/dossier-presentation-film1.jpg\" alt=\"\" width=\"1241\" height=\"1778\" srcset=\"https:\/\/www.auxcinephilesdeleau.com\/wp-content\/uploads\/2011\/04\/dossier-presentation-film1.jpg 1241w, https:\/\/www.auxcinephilesdeleau.com\/wp-content\/uploads\/2011\/04\/dossier-presentation-film1-209x300.jpg 209w, https:\/\/www.auxcinephilesdeleau.com\/wp-content\/uploads\/2011\/04\/dossier-presentation-film1-714x1024.jpg 714w\" sizes=\"(max-width: 1241px) 100vw, 1241px\" \/><\/a><\/p>\n","protected":false},"excerpt":{"rendered":"<p>R\u00e9sum\u00e9 : Partis le 1er ao\u00fbt 2008 de Pontrieux avec leur voilier Evaloa, Yann Illien et Pauline Le P\u00e9culier ont navigu\u00e9 jusqu\u2019au S\u00e9n\u00e9gal, avec \u00e0 bord du mat\u00e9riel de projection de films. Sous l\u2019association \u00ab Aux cin\u00e9philes de l\u2019eau \u00bb &hellip; <a href=\"https:\/\/www.auxcinephilesdeleau.com\/?page_id=503\">Continuer la lecture <span class=\"meta-nav\">&rarr;<\/span><\/a><\/p>\n","protected":false},"author":3,"featured_media":0,"parent":102,"menu_order":4,"comment_status":"closed","ping_status":"closed","template":"onecolumn-page.php","meta":{"_mi_skip_tracking":false,"_monsterinsights_sitenote_active":false,"_monsterinsights_sitenote_note":"","_monsterinsights_sitenote_category":0,"footnotes":""},"_links":{"self":[{"href":"https:\/\/www.auxcinephilesdeleau.com\/index.php?rest_route=\/wp\/v2\/pages\/503"}],"collection":[{"href":"https:\/\/www.auxcinephilesdeleau.com\/index.php?rest_route=\/wp\/v2\/pages"}],"about":[{"href":"https:\/\/www.auxcinephilesdeleau.com\/index.php?rest_route=\/wp\/v2\/types\/page"}],"author":[{"embeddable":true,"href":"https:\/\/www.auxcinephilesdeleau.com\/index.php?rest_route=\/wp\/v2\/users\/3"}],"replies":[{"embeddable":true,"href":"https:\/\/www.auxcinephilesdeleau.com\/index.php?rest_route=%2Fwp%2Fv2%2Fcomments&post=503"}],"version-history":[{"count":8,"href":"https:\/\/www.auxcinephilesdeleau.com\/index.php?rest_route=\/wp\/v2\/pages\/503\/revisions"}],"predecessor-version":[{"id":3869,"href":"https:\/\/www.auxcinephilesdeleau.com\/index.php?rest_route=\/wp\/v2\/pages\/503\/revisions\/3869"}],"up":[{"embeddable":true,"href":"https:\/\/www.auxcinephilesdeleau.com\/index.php?rest_route=\/wp\/v2\/pages\/102"}],"wp:attachment":[{"href":"https:\/\/www.auxcinephilesdeleau.com\/index.php?rest_route=%2Fwp%2Fv2%2Fmedia&parent=503"}],"curies":[{"name":"wp","href":"https:\/\/api.w.org\/{rel}","templated":true}]}}