{"id":508,"date":"2011-04-28T23:33:40","date_gmt":"2011-04-28T22:33:40","guid":{"rendered":"http:\/\/www.auxcinephilesdeleau.com\/?page_id=508"},"modified":"2011-05-10T13:49:59","modified_gmt":"2011-05-10T12:49:59","slug":"05-la-suite","status":"publish","type":"page","link":"https:\/\/www.auxcinephilesdeleau.com\/?page_id=508","title":{"rendered":"La suite"},"content":{"rendered":"<p>&nbsp;<\/p>\n<p>Un b\u00e9b\u00e9 vers d\u00e9but mai 2011, notre ancien bateau Evaloa \u00e0 vendre, notre nouveau bateau Dominao \u00e0 remonter en Bretagne cet \u00e9t\u00e9, histoire de se poser l&rsquo;ann\u00e9e prochaine et r\u00e9fl\u00e9chir \u00e0 un nouveau d\u00e9part pour&#8230; pourquoi pas, l&rsquo;Am\u00e9rique du Sud ! Avec le bateau-cin\u00e9ma ? Avec plusieurs voiliers pour une caravane culturelle ? Un spectacle sur bateau ?<\/p>\n<p>Pleins d&rsquo;id\u00e9es qui vont germer, une famille qui se cr\u00e9e&#8230; Affaire \u00e0 suivre !<\/p>\n","protected":false},"excerpt":{"rendered":"<p>&nbsp; Un b\u00e9b\u00e9 vers d\u00e9but mai 2011, notre ancien bateau Evaloa \u00e0 vendre, notre nouveau bateau Dominao \u00e0 remonter en Bretagne cet \u00e9t\u00e9, histoire de se poser l&rsquo;ann\u00e9e prochaine et r\u00e9fl\u00e9chir \u00e0 un nouveau d\u00e9part pour&#8230; pourquoi pas, l&rsquo;Am\u00e9rique du &hellip; <a href=\"https:\/\/www.auxcinephilesdeleau.com\/?page_id=508\">Continuer la lecture <span class=\"meta-nav\">&rarr;<\/span><\/a><\/p>\n","protected":false},"author":3,"featured_media":0,"parent":102,"menu_order":5,"comment_status":"closed","ping_status":"open","template":"onecolumn-page.php","meta":{"_mi_skip_tracking":false,"_monsterinsights_sitenote_active":false,"_monsterinsights_sitenote_note":"","_monsterinsights_sitenote_category":0,"footnotes":""},"_links":{"self":[{"href":"https:\/\/www.auxcinephilesdeleau.com\/index.php?rest_route=\/wp\/v2\/pages\/508"}],"collection":[{"href":"https:\/\/www.auxcinephilesdeleau.com\/index.php?rest_route=\/wp\/v2\/pages"}],"about":[{"href":"https:\/\/www.auxcinephilesdeleau.com\/index.php?rest_route=\/wp\/v2\/types\/page"}],"author":[{"embeddable":true,"href":"https:\/\/www.auxcinephilesdeleau.com\/index.php?rest_route=\/wp\/v2\/users\/3"}],"replies":[{"embeddable":true,"href":"https:\/\/www.auxcinephilesdeleau.com\/index.php?rest_route=%2Fwp%2Fv2%2Fcomments&post=508"}],"version-history":[{"count":5,"href":"https:\/\/www.auxcinephilesdeleau.com\/index.php?rest_route=\/wp\/v2\/pages\/508\/revisions"}],"predecessor-version":[{"id":1037,"href":"https:\/\/www.auxcinephilesdeleau.com\/index.php?rest_route=\/wp\/v2\/pages\/508\/revisions\/1037"}],"up":[{"embeddable":true,"href":"https:\/\/www.auxcinephilesdeleau.com\/index.php?rest_route=\/wp\/v2\/pages\/102"}],"wp:attachment":[{"href":"https:\/\/www.auxcinephilesdeleau.com\/index.php?rest_route=%2Fwp%2Fv2%2Fmedia&parent=508"}],"curies":[{"name":"wp","href":"https:\/\/api.w.org\/{rel}","templated":true}]}}